{"id":29239,"date":"2026-04-08T13:30:55","date_gmt":"2026-04-08T13:30:55","guid":{"rendered":"https:\/\/toxmoto.pt\/pt-PT\/?post_type=product&#038;p=29239"},"modified":"2026-04-14T12:28:10","modified_gmt":"2026-04-14T12:28:10","slug":"viseira-jonway-predator","status":"publish","type":"product","link":"https:\/\/toxmoto.pt\/pt-PT\/shop\/viseira-jonway-predator\/","title":{"rendered":"Viseira, JONWAY (PREDATOR)"},"content":{"rendered":"<p>Viseira, JONWAY (PREDATOR)<\/p>\n<p>Dimens\u00f5es:<br \/>\nDist\u00e2ncia entre fura\u00e7\u00f5es<br \/>\n&#8211; Inferiores: 220mm<br \/>\n&#8211; Meio: 335mm<br \/>\n&#8211; Superiores: 400mm<\/p>\n<p>Altura total: 580cm<\/p>\n","protected":false},"excerpt":{"rendered":"<p>Dimens\u00f5es:<br \/>\nDist\u00e2ncia entre fura\u00e7\u00f5es<br \/>\n&#8211; Inferiores: 220mm<br \/>\n&#8211; Meio: 335mm<br \/>\n&#8211; Superiores: 400mm<\/p>\n<p>Altura total: 580cm<\/p>\n","protected":false},"featured_media":29240,"comment_status":"open","ping_status":"closed","template":"","meta":{"_acf_changed":false},"product_brand":[],"product_cat":[396],"product_tag":[],"class_list":{"0":"post-29239","1":"product","2":"type-product","3":"status-publish","4":"has-post-thumbnail","6":"product_cat-acessorios-e-oficina","8":"first","9":"instock","10":"shipping-taxable","11":"purchasable","12":"product-type-simple"},"acf":[],"_links":{"self":[{"href":"https:\/\/toxmoto.pt\/pt-PT\/wp-json\/wp\/v2\/product\/29239","targetHints":{"allow":["GET"]}}],"collection":[{"href":"https:\/\/toxmoto.pt\/pt-PT\/wp-json\/wp\/v2\/product"}],"about":[{"href":"https:\/\/toxmoto.pt\/pt-PT\/wp-json\/wp\/v2\/types\/product"}],"replies":[{"embeddable":true,"href":"https:\/\/toxmoto.pt\/pt-PT\/wp-json\/wp\/v2\/comments?post=29239"}],"version-history":[{"count":2,"href":"https:\/\/toxmoto.pt\/pt-PT\/wp-json\/wp\/v2\/product\/29239\/revisions"}],"predecessor-version":[{"id":29242,"href":"https:\/\/toxmoto.pt\/pt-PT\/wp-json\/wp\/v2\/product\/29239\/revisions\/29242"}],"wp:featuredmedia":[{"embeddable":true,"href":"https:\/\/toxmoto.pt\/pt-PT\/wp-json\/wp\/v2\/media\/29240"}],"wp:attachment":[{"href":"https:\/\/toxmoto.pt\/pt-PT\/wp-json\/wp\/v2\/media?parent=29239"}],"wp:term":[{"taxonomy":"product_brand","embeddable":true,"href":"https:\/\/toxmoto.pt\/pt-PT\/wp-json\/wp\/v2\/product_brand?post=29239"},{"taxonomy":"product_cat","embeddable":true,"href":"https:\/\/toxmoto.pt\/pt-PT\/wp-json\/wp\/v2\/product_cat?post=29239"},{"taxonomy":"product_tag","embeddable":true,"href":"https:\/\/toxmoto.pt\/pt-PT\/wp-json\/wp\/v2\/product_tag?post=29239"}],"curies":[{"name":"wp","href":"https:\/\/api.w.org\/{rel}","templated":true}]}}