{"id":29159,"date":"2026-03-27T14:28:56","date_gmt":"2026-03-27T14:28:56","guid":{"rendered":"https:\/\/toxmoto.pt\/pt-PT\/?post_type=product&#038;p=29159"},"modified":"2026-04-15T00:27:48","modified_gmt":"2026-04-15T00:27:48","slug":"vela-ngk-c7hsa-4-tempos","status":"publish","type":"product","link":"https:\/\/toxmoto.pt\/pt-PT\/shop\/vela-ngk-c7hsa-4-tempos\/","title":{"rendered":"VELA NGK C7HSA 4 TEMPOS"},"content":{"rendered":"<p>Marca: NGK<br \/>\nModelo: C7HSA<br \/>\nVela para motores 4 tempos<br \/>\nComprimento total: 65 mm<br \/>\nComprimento da rosca: 12,7 mm<br \/>\nDi\u00e2metro da rosca: 10 mm<br \/>\nSem terminal de liga\u00e7\u00e3o roscada (amov\u00edvel)<br \/>\nPara chave inglesa 16 mm<\/p>\n","protected":false},"excerpt":{"rendered":"<p>Marca: NGK Modelo: C7HSA Vela para motores 4 tempos Comprimento total: 65 mm Comprimento da rosca: 12,7 mm Di\u00e2metro da rosca: 10 mm Sem terminal de liga\u00e7\u00e3o roscada (amov\u00edvel) Para chave inglesa 16 mm<\/p>\n","protected":false},"featured_media":29160,"comment_status":"open","ping_status":"closed","template":"","meta":{"_acf_changed":false},"product_brand":[],"product_cat":[363],"product_tag":[],"class_list":{"0":"post-29159","1":"product","2":"type-product","3":"status-publish","4":"has-post-thumbnail","6":"product_cat-velas-e-bobines-de-vela","8":"first","9":"instock","10":"shipping-taxable","11":"purchasable","12":"product-type-simple"},"acf":[],"_links":{"self":[{"href":"https:\/\/toxmoto.pt\/pt-PT\/wp-json\/wp\/v2\/product\/29159","targetHints":{"allow":["GET"]}}],"collection":[{"href":"https:\/\/toxmoto.pt\/pt-PT\/wp-json\/wp\/v2\/product"}],"about":[{"href":"https:\/\/toxmoto.pt\/pt-PT\/wp-json\/wp\/v2\/types\/product"}],"replies":[{"embeddable":true,"href":"https:\/\/toxmoto.pt\/pt-PT\/wp-json\/wp\/v2\/comments?post=29159"}],"version-history":[{"count":1,"href":"https:\/\/toxmoto.pt\/pt-PT\/wp-json\/wp\/v2\/product\/29159\/revisions"}],"predecessor-version":[{"id":29161,"href":"https:\/\/toxmoto.pt\/pt-PT\/wp-json\/wp\/v2\/product\/29159\/revisions\/29161"}],"wp:featuredmedia":[{"embeddable":true,"href":"https:\/\/toxmoto.pt\/pt-PT\/wp-json\/wp\/v2\/media\/29160"}],"wp:attachment":[{"href":"https:\/\/toxmoto.pt\/pt-PT\/wp-json\/wp\/v2\/media?parent=29159"}],"wp:term":[{"taxonomy":"product_brand","embeddable":true,"href":"https:\/\/toxmoto.pt\/pt-PT\/wp-json\/wp\/v2\/product_brand?post=29159"},{"taxonomy":"product_cat","embeddable":true,"href":"https:\/\/toxmoto.pt\/pt-PT\/wp-json\/wp\/v2\/product_cat?post=29159"},{"taxonomy":"product_tag","embeddable":true,"href":"https:\/\/toxmoto.pt\/pt-PT\/wp-json\/wp\/v2\/product_tag?post=29159"}],"curies":[{"name":"wp","href":"https:\/\/api.w.org\/{rel}","templated":true}]}}