{"id":28273,"date":"2025-08-20T16:30:12","date_gmt":"2025-08-20T16:30:12","guid":{"rendered":"https:\/\/toxmoto.pt\/pt-PT\/?post_type=product&#038;p=28273"},"modified":"2026-04-16T22:26:19","modified_gmt":"2026-04-16T22:26:19","slug":"bomba-travao-completa-tras-de-mao-atv90-110-125-1-bombito","status":"publish","type":"product","link":"https:\/\/toxmoto.pt\/pt-PT\/shop\/bomba-travao-completa-tras-de-mao-atv90-110-125-1-bombito\/","title":{"rendered":"Bomba Trav\u00e3o Completa Tr\u00e1s, de M\u00e3o ATV90\/110\/125 (1 bombito)"},"content":{"rendered":"<p>Bomba Trav\u00e3o Completa Tr\u00e1s, de M\u00e3o ATV90\/110\/125 (1 bombito)<\/p>\n","protected":false},"excerpt":{"rendered":"<p>Bomba Trav\u00e3o Completa Tr\u00e1s, de M\u00e3o ATV90\/110\/125 (1 bombito)<\/p>\n","protected":false},"featured_media":28274,"comment_status":"open","ping_status":"closed","template":"","meta":{"_acf_changed":false},"product_brand":[],"product_cat":[380,378],"product_tag":[],"class_list":{"0":"post-28273","1":"product","2":"type-product","3":"status-publish","4":"has-post-thumbnail","6":"product_cat-bombas-e-pincas-de-travao","7":"product_cat-travoes","9":"first","10":"instock","11":"shipping-taxable","12":"purchasable","13":"product-type-simple"},"acf":[],"_links":{"self":[{"href":"https:\/\/toxmoto.pt\/pt-PT\/wp-json\/wp\/v2\/product\/28273","targetHints":{"allow":["GET"]}}],"collection":[{"href":"https:\/\/toxmoto.pt\/pt-PT\/wp-json\/wp\/v2\/product"}],"about":[{"href":"https:\/\/toxmoto.pt\/pt-PT\/wp-json\/wp\/v2\/types\/product"}],"replies":[{"embeddable":true,"href":"https:\/\/toxmoto.pt\/pt-PT\/wp-json\/wp\/v2\/comments?post=28273"}],"version-history":[{"count":2,"href":"https:\/\/toxmoto.pt\/pt-PT\/wp-json\/wp\/v2\/product\/28273\/revisions"}],"predecessor-version":[{"id":28276,"href":"https:\/\/toxmoto.pt\/pt-PT\/wp-json\/wp\/v2\/product\/28273\/revisions\/28276"}],"wp:featuredmedia":[{"embeddable":true,"href":"https:\/\/toxmoto.pt\/pt-PT\/wp-json\/wp\/v2\/media\/28274"}],"wp:attachment":[{"href":"https:\/\/toxmoto.pt\/pt-PT\/wp-json\/wp\/v2\/media?parent=28273"}],"wp:term":[{"taxonomy":"product_brand","embeddable":true,"href":"https:\/\/toxmoto.pt\/pt-PT\/wp-json\/wp\/v2\/product_brand?post=28273"},{"taxonomy":"product_cat","embeddable":true,"href":"https:\/\/toxmoto.pt\/pt-PT\/wp-json\/wp\/v2\/product_cat?post=28273"},{"taxonomy":"product_tag","embeddable":true,"href":"https:\/\/toxmoto.pt\/pt-PT\/wp-json\/wp\/v2\/product_tag?post=28273"}],"curies":[{"name":"wp","href":"https:\/\/api.w.org\/{rel}","templated":true}]}}