{"id":28256,"date":"2025-08-18T10:17:56","date_gmt":"2025-08-18T10:17:56","guid":{"rendered":"https:\/\/toxmoto.pt\/pt-PT\/?post_type=product&#038;p=28256"},"modified":"2026-04-22T07:30:56","modified_gmt":"2026-04-22T07:30:56","slug":"motor-v-twin-20w-50-946ml-amsoil","status":"publish","type":"product","link":"https:\/\/toxmoto.pt\/pt-PT\/shop\/motor-v-twin-20w-50-946ml-amsoil\/","title":{"rendered":"Motor V-TWIN 20W-50 (946ml) &#8211; AMSOIL"},"content":{"rendered":"<p>Motor V-TWIN 20W-50 (946ml) &#8211; AMSOIL<\/p>\n","protected":false},"excerpt":{"rendered":"<p>Resiste \u00e0 quebra de viscosidade 6X melhor do que o Harley-Davidson* SYN3*. Oferece uma melhor prote\u00e7\u00e3o contra o desgaste do compensador e das engrenagens da transmiss\u00e3o.<br \/>\nResiste a temperaturas extremas de forma a ajudar a manter os motores limpos e eficientes.<br \/>\nReduz o desgaste e os dep\u00f3sitos para uma compress\u00e3o e pot\u00eancia m\u00e1ximas do motor.<br \/>\nPara : Harley-Davidson, KTM, Ducati, BMW<\/p>\n","protected":false},"featured_media":28257,"comment_status":"open","ping_status":"closed","template":"","meta":{"_acf_changed":false},"product_brand":[460],"product_cat":[385],"product_tag":[],"class_list":{"0":"post-28256","1":"product","2":"type-product","3":"status-publish","4":"has-post-thumbnail","6":"product_brand-amsoil","7":"product_cat-oleo-e-lubrificantes","9":"first","10":"instock","11":"shipping-taxable","12":"purchasable","13":"product-type-simple"},"acf":[],"_links":{"self":[{"href":"https:\/\/toxmoto.pt\/pt-PT\/wp-json\/wp\/v2\/product\/28256","targetHints":{"allow":["GET"]}}],"collection":[{"href":"https:\/\/toxmoto.pt\/pt-PT\/wp-json\/wp\/v2\/product"}],"about":[{"href":"https:\/\/toxmoto.pt\/pt-PT\/wp-json\/wp\/v2\/types\/product"}],"replies":[{"embeddable":true,"href":"https:\/\/toxmoto.pt\/pt-PT\/wp-json\/wp\/v2\/comments?post=28256"}],"version-history":[{"count":2,"href":"https:\/\/toxmoto.pt\/pt-PT\/wp-json\/wp\/v2\/product\/28256\/revisions"}],"predecessor-version":[{"id":28259,"href":"https:\/\/toxmoto.pt\/pt-PT\/wp-json\/wp\/v2\/product\/28256\/revisions\/28259"}],"wp:featuredmedia":[{"embeddable":true,"href":"https:\/\/toxmoto.pt\/pt-PT\/wp-json\/wp\/v2\/media\/28257"}],"wp:attachment":[{"href":"https:\/\/toxmoto.pt\/pt-PT\/wp-json\/wp\/v2\/media?parent=28256"}],"wp:term":[{"taxonomy":"product_brand","embeddable":true,"href":"https:\/\/toxmoto.pt\/pt-PT\/wp-json\/wp\/v2\/product_brand?post=28256"},{"taxonomy":"product_cat","embeddable":true,"href":"https:\/\/toxmoto.pt\/pt-PT\/wp-json\/wp\/v2\/product_cat?post=28256"},{"taxonomy":"product_tag","embeddable":true,"href":"https:\/\/toxmoto.pt\/pt-PT\/wp-json\/wp\/v2\/product_tag?post=28256"}],"curies":[{"name":"wp","href":"https:\/\/api.w.org\/{rel}","templated":true}]}}