{"id":27926,"date":"2025-05-14T14:44:59","date_gmt":"2025-05-14T14:44:59","guid":{"rendered":"https:\/\/toxmoto.pt\/pt-PT\/?post_type=product&#038;p=27926"},"modified":"2026-04-21T20:28:16","modified_gmt":"2026-04-21T20:28:16","slug":"spray-massa-lubrificante-284g-amsoil","status":"publish","type":"product","link":"https:\/\/toxmoto.pt\/pt-PT\/shop\/spray-massa-lubrificante-284g-amsoil\/","title":{"rendered":"Spray Massa Lubrificante (284g) &#8211; AMSOIL"},"content":{"rendered":"<p>Spray Massa Lubrificante (284g) &#8211; AMSOIL<\/p>\n<p>A massa lubrificante de l\u00edtio branca protege contra o desgaste e a corros\u00e3o<br \/>\nLubrifica as pe\u00e7as m\u00f3veis para um funcionamento suave e sem ruidos<br \/>\nAdere \u00e0s superf\u00edcies met\u00e1licas para um desempenho duradouro<br \/>\nA pulveriza\u00e7\u00e3o r\u00e1pida e pr\u00e1tica chega a locais de dif\u00edcil acesso<br \/>\nExcelente resist\u00eancia \u00e0 \u00e1gua<\/p>\n","protected":false},"excerpt":{"rendered":"<p>A massa lubrificante de l\u00edtio branca protege contra o desgaste e a corros\u00e3o<br \/>\nLubrifica as pe\u00e7as m\u00f3veis para um funcionamento suave e sem ruidos<br \/>\nAdere \u00e0s superf\u00edcies met\u00e1licas para um desempenho duradouro<br \/>\nA pulveriza\u00e7\u00e3o r\u00e1pida e pr\u00e1tica chega a locais de dif\u00edcil acesso<br \/>\nExcelente resist\u00eancia \u00e0 \u00e1gua<\/p>\n","protected":false},"featured_media":27927,"comment_status":"open","ping_status":"closed","template":"","meta":{"_acf_changed":false},"product_brand":[460],"product_cat":[385],"product_tag":[],"class_list":{"0":"post-27926","1":"product","2":"type-product","3":"status-publish","4":"has-post-thumbnail","6":"product_brand-amsoil","7":"product_cat-oleo-e-lubrificantes","9":"first","10":"instock","11":"shipping-taxable","12":"purchasable","13":"product-type-simple"},"acf":[],"_links":{"self":[{"href":"https:\/\/toxmoto.pt\/pt-PT\/wp-json\/wp\/v2\/product\/27926","targetHints":{"allow":["GET"]}}],"collection":[{"href":"https:\/\/toxmoto.pt\/pt-PT\/wp-json\/wp\/v2\/product"}],"about":[{"href":"https:\/\/toxmoto.pt\/pt-PT\/wp-json\/wp\/v2\/types\/product"}],"replies":[{"embeddable":true,"href":"https:\/\/toxmoto.pt\/pt-PT\/wp-json\/wp\/v2\/comments?post=27926"}],"version-history":[{"count":1,"href":"https:\/\/toxmoto.pt\/pt-PT\/wp-json\/wp\/v2\/product\/27926\/revisions"}],"predecessor-version":[{"id":27928,"href":"https:\/\/toxmoto.pt\/pt-PT\/wp-json\/wp\/v2\/product\/27926\/revisions\/27928"}],"wp:featuredmedia":[{"embeddable":true,"href":"https:\/\/toxmoto.pt\/pt-PT\/wp-json\/wp\/v2\/media\/27927"}],"wp:attachment":[{"href":"https:\/\/toxmoto.pt\/pt-PT\/wp-json\/wp\/v2\/media?parent=27926"}],"wp:term":[{"taxonomy":"product_brand","embeddable":true,"href":"https:\/\/toxmoto.pt\/pt-PT\/wp-json\/wp\/v2\/product_brand?post=27926"},{"taxonomy":"product_cat","embeddable":true,"href":"https:\/\/toxmoto.pt\/pt-PT\/wp-json\/wp\/v2\/product_cat?post=27926"},{"taxonomy":"product_tag","embeddable":true,"href":"https:\/\/toxmoto.pt\/pt-PT\/wp-json\/wp\/v2\/product_tag?post=27926"}],"curies":[{"name":"wp","href":"https:\/\/api.w.org\/{rel}","templated":true}]}}