{"id":27923,"date":"2025-05-14T14:40:16","date_gmt":"2025-05-14T14:40:16","guid":{"rendered":"https:\/\/toxmoto.pt\/pt-PT\/?post_type=product&#038;p=27923"},"modified":"2026-04-07T08:28:54","modified_gmt":"2026-04-07T08:28:54","slug":"oleo-de-travoes-355ml-amsoil","status":"publish","type":"product","link":"https:\/\/toxmoto.pt\/pt-PT\/shop\/oleo-de-travoes-355ml-amsoil\/","title":{"rendered":"\u00d3leo de Trav\u00f5es (355ml) &#8211; AMSOIL"},"content":{"rendered":"<p>\u00d3leo de Trav\u00f5es (355ml) &#8211; AMSOIL<\/p>\n<p>O Fluido de Trav\u00f5es Sint\u00e9tico AMSOIL DOT 3 &amp; 4 mant\u00e9m o m\u00e1ximo desempenho do ABS e do controlo de tra\u00e7\u00e3o. O l\u00edquido dos trav\u00f5es actua como um fluido hidr\u00e1ulico, transferindo pot\u00eancia e lubrificando os componentes do sistema de travagem, ao mesmo tempo que previne a corros\u00e3o.<\/p>\n","protected":false},"excerpt":{"rendered":"<p>O Fluido de Trav\u00f5es Sint\u00e9tico AMSOIL DOT 3 &amp; 4 mant\u00e9m o m\u00e1ximo desempenho do ABS e do controlo de tra\u00e7\u00e3o. O l\u00edquido dos trav\u00f5es actua como um fluido hidr\u00e1ulico, transferindo pot\u00eancia e lubrificando os componentes do sistema de travagem, ao mesmo tempo que previne a corros\u00e3o.<\/p>\n","protected":false},"featured_media":27924,"comment_status":"open","ping_status":"closed","template":"","meta":{"_acf_changed":false},"product_brand":[460],"product_cat":[385],"product_tag":[],"class_list":{"0":"post-27923","1":"product","2":"type-product","3":"status-publish","4":"has-post-thumbnail","6":"product_brand-amsoil","7":"product_cat-oleo-e-lubrificantes","9":"first","10":"instock","11":"shipping-taxable","12":"purchasable","13":"product-type-simple"},"acf":[],"_links":{"self":[{"href":"https:\/\/toxmoto.pt\/pt-PT\/wp-json\/wp\/v2\/product\/27923","targetHints":{"allow":["GET"]}}],"collection":[{"href":"https:\/\/toxmoto.pt\/pt-PT\/wp-json\/wp\/v2\/product"}],"about":[{"href":"https:\/\/toxmoto.pt\/pt-PT\/wp-json\/wp\/v2\/types\/product"}],"replies":[{"embeddable":true,"href":"https:\/\/toxmoto.pt\/pt-PT\/wp-json\/wp\/v2\/comments?post=27923"}],"version-history":[{"count":1,"href":"https:\/\/toxmoto.pt\/pt-PT\/wp-json\/wp\/v2\/product\/27923\/revisions"}],"predecessor-version":[{"id":27925,"href":"https:\/\/toxmoto.pt\/pt-PT\/wp-json\/wp\/v2\/product\/27923\/revisions\/27925"}],"wp:featuredmedia":[{"embeddable":true,"href":"https:\/\/toxmoto.pt\/pt-PT\/wp-json\/wp\/v2\/media\/27924"}],"wp:attachment":[{"href":"https:\/\/toxmoto.pt\/pt-PT\/wp-json\/wp\/v2\/media?parent=27923"}],"wp:term":[{"taxonomy":"product_brand","embeddable":true,"href":"https:\/\/toxmoto.pt\/pt-PT\/wp-json\/wp\/v2\/product_brand?post=27923"},{"taxonomy":"product_cat","embeddable":true,"href":"https:\/\/toxmoto.pt\/pt-PT\/wp-json\/wp\/v2\/product_cat?post=27923"},{"taxonomy":"product_tag","embeddable":true,"href":"https:\/\/toxmoto.pt\/pt-PT\/wp-json\/wp\/v2\/product_tag?post=27923"}],"curies":[{"name":"wp","href":"https:\/\/api.w.org\/{rel}","templated":true}]}}