{"id":27919,"date":"2025-05-14T14:36:48","date_gmt":"2025-05-14T14:36:48","guid":{"rendered":"https:\/\/toxmoto.pt\/pt-PT\/?post_type=product&#038;p=27919"},"modified":"2026-04-16T23:30:04","modified_gmt":"2026-04-16T23:30:04","slug":"atv-utv-transmissao-diferencial-946ml-amsoil","status":"publish","type":"product","link":"https:\/\/toxmoto.pt\/pt-PT\/shop\/atv-utv-transmissao-diferencial-946ml-amsoil\/","title":{"rendered":"ATV\/UTV Transmiss\u00e3o\/Diferencial (946ml) &#8211; AMSOIL"},"content":{"rendered":"<p>ATV\/UTV Transmiss\u00e3o\/Diferencial (946ml) &#8211; AMSOIL<\/p>\n<p>Prote\u00e7\u00e3o na execu\u00e7\u00e3o de tarefas exigentes e em terrenos dif\u00edceis<br \/>\nProtege as engrenagens em cargas pesadas e bin\u00e1rio elevado<br \/>\nDesempenho superior em todas as condi\u00e7\u00f5es meteorol\u00f3gicas<\/p>\n","protected":false},"excerpt":{"rendered":"<p>Prote\u00e7\u00e3o na execu\u00e7\u00e3o de tarefas exigentes e em terrenos dif\u00edceis<br \/>\nProtege as engrenagens em cargas pesadas e bin\u00e1rio elevado<br \/>\nDesempenho superior em todas as condi\u00e7\u00f5es meteorol\u00f3gicas<\/p>\n","protected":false},"featured_media":27920,"comment_status":"open","ping_status":"closed","template":"","meta":{"_acf_changed":false},"product_brand":[460],"product_cat":[385],"product_tag":[],"class_list":{"0":"post-27919","1":"product","2":"type-product","3":"status-publish","4":"has-post-thumbnail","6":"product_brand-amsoil","7":"product_cat-oleo-e-lubrificantes","9":"first","10":"instock","11":"shipping-taxable","12":"purchasable","13":"product-type-simple"},"acf":[],"_links":{"self":[{"href":"https:\/\/toxmoto.pt\/pt-PT\/wp-json\/wp\/v2\/product\/27919","targetHints":{"allow":["GET"]}}],"collection":[{"href":"https:\/\/toxmoto.pt\/pt-PT\/wp-json\/wp\/v2\/product"}],"about":[{"href":"https:\/\/toxmoto.pt\/pt-PT\/wp-json\/wp\/v2\/types\/product"}],"replies":[{"embeddable":true,"href":"https:\/\/toxmoto.pt\/pt-PT\/wp-json\/wp\/v2\/comments?post=27919"}],"version-history":[{"count":2,"href":"https:\/\/toxmoto.pt\/pt-PT\/wp-json\/wp\/v2\/product\/27919\/revisions"}],"predecessor-version":[{"id":27922,"href":"https:\/\/toxmoto.pt\/pt-PT\/wp-json\/wp\/v2\/product\/27919\/revisions\/27922"}],"wp:featuredmedia":[{"embeddable":true,"href":"https:\/\/toxmoto.pt\/pt-PT\/wp-json\/wp\/v2\/media\/27920"}],"wp:attachment":[{"href":"https:\/\/toxmoto.pt\/pt-PT\/wp-json\/wp\/v2\/media?parent=27919"}],"wp:term":[{"taxonomy":"product_brand","embeddable":true,"href":"https:\/\/toxmoto.pt\/pt-PT\/wp-json\/wp\/v2\/product_brand?post=27919"},{"taxonomy":"product_cat","embeddable":true,"href":"https:\/\/toxmoto.pt\/pt-PT\/wp-json\/wp\/v2\/product_cat?post=27919"},{"taxonomy":"product_tag","embeddable":true,"href":"https:\/\/toxmoto.pt\/pt-PT\/wp-json\/wp\/v2\/product_tag?post=27919"}],"curies":[{"name":"wp","href":"https:\/\/api.w.org\/{rel}","templated":true}]}}