{"id":27911,"date":"2025-05-14T14:18:09","date_gmt":"2025-05-14T14:18:09","guid":{"rendered":"https:\/\/toxmoto.pt\/pt-PT\/?post_type=product&#038;p=27911"},"modified":"2026-04-22T01:28:00","modified_gmt":"2026-04-22T01:28:00","slug":"pos-lavagem-de-cera-sem-agua-369g-amsoil","status":"publish","type":"product","link":"https:\/\/toxmoto.pt\/pt-PT\/shop\/pos-lavagem-de-cera-sem-agua-369g-amsoil\/","title":{"rendered":"Miracle Wash Lavagem sem \u00e1gua (369g) &#8211; AMSOIL"},"content":{"rendered":"<p>Miracle Wash Lavagem sem \u00e1gua (369g) &#8211; AMSOIL<\/p>\n<p>S\u00e3o necess\u00e1rios apenas dois passos simples &#8211; pulverizar e limpar<br \/>\nDeixa os ve\u00edculos com um brilho fant\u00e1stico e um acabamento protetor resistente<br \/>\nN\u00e3o \u00e9 necess\u00e1rio sab\u00e3o ou \u00e1gua<br \/>\nRepele o p\u00f3 e a sujidade ligeira<br \/>\nProtege contra os raios ultravioleta do sol<\/p>\n","protected":false},"excerpt":{"rendered":"<p>S\u00e3o necess\u00e1rios apenas dois passos simples &#8211; pulverizar e limpar<br \/>\nDeixa os ve\u00edculos com um brilho fant\u00e1stico e um acabamento protetor resistente<br \/>\nN\u00e3o \u00e9 necess\u00e1rio sab\u00e3o ou \u00e1gua<br \/>\nRepele o p\u00f3 e a sujidade ligeira<br \/>\nProtege contra os raios ultravioleta do sol<\/p>\n","protected":false},"featured_media":27913,"comment_status":"open","ping_status":"closed","template":"","meta":{"_acf_changed":false},"product_brand":[460],"product_cat":[385],"product_tag":[],"class_list":{"0":"post-27911","1":"product","2":"type-product","3":"status-publish","4":"has-post-thumbnail","6":"product_brand-amsoil","7":"product_cat-oleo-e-lubrificantes","9":"first","10":"instock","11":"shipping-taxable","12":"purchasable","13":"product-type-simple"},"acf":[],"_links":{"self":[{"href":"https:\/\/toxmoto.pt\/pt-PT\/wp-json\/wp\/v2\/product\/27911","targetHints":{"allow":["GET"]}}],"collection":[{"href":"https:\/\/toxmoto.pt\/pt-PT\/wp-json\/wp\/v2\/product"}],"about":[{"href":"https:\/\/toxmoto.pt\/pt-PT\/wp-json\/wp\/v2\/types\/product"}],"replies":[{"embeddable":true,"href":"https:\/\/toxmoto.pt\/pt-PT\/wp-json\/wp\/v2\/comments?post=27911"}],"version-history":[{"count":3,"href":"https:\/\/toxmoto.pt\/pt-PT\/wp-json\/wp\/v2\/product\/27911\/revisions"}],"predecessor-version":[{"id":27935,"href":"https:\/\/toxmoto.pt\/pt-PT\/wp-json\/wp\/v2\/product\/27911\/revisions\/27935"}],"wp:featuredmedia":[{"embeddable":true,"href":"https:\/\/toxmoto.pt\/pt-PT\/wp-json\/wp\/v2\/media\/27913"}],"wp:attachment":[{"href":"https:\/\/toxmoto.pt\/pt-PT\/wp-json\/wp\/v2\/media?parent=27911"}],"wp:term":[{"taxonomy":"product_brand","embeddable":true,"href":"https:\/\/toxmoto.pt\/pt-PT\/wp-json\/wp\/v2\/product_brand?post=27911"},{"taxonomy":"product_cat","embeddable":true,"href":"https:\/\/toxmoto.pt\/pt-PT\/wp-json\/wp\/v2\/product_cat?post=27911"},{"taxonomy":"product_tag","embeddable":true,"href":"https:\/\/toxmoto.pt\/pt-PT\/wp-json\/wp\/v2\/product_tag?post=27911"}],"curies":[{"name":"wp","href":"https:\/\/api.w.org\/{rel}","templated":true}]}}