{"id":27907,"date":"2025-05-14T14:13:32","date_gmt":"2025-05-14T14:13:32","guid":{"rendered":"https:\/\/toxmoto.pt\/pt-PT\/?post_type=product&#038;p=27907"},"modified":"2026-04-09T10:28:52","modified_gmt":"2026-04-09T10:28:52","slug":"dominator-2t-amsoil","status":"publish","type":"product","link":"https:\/\/toxmoto.pt\/pt-PT\/shop\/dominator-2t-amsoil\/","title":{"rendered":"Dominator 2T &#8211; AMSOIL"},"content":{"rendered":"<p>Dominator 2T &#8211; AMSOIL<\/p>\n<p>Para motores de 2 tempos de alto desempenho e modificados<br \/>\nEm ATVs, Go-carts, motociclos, embarca\u00e7\u00f5es<br \/>\nPerfeito em condi\u00e7\u00f5es de corrida<br \/>\n&#8212;&#8212;&#8212;&#8212;&#8212;&#8212;&#8212;&#8212;&#8212;&#8212;&#8212;&#8212;&#8212;&#8212;&#8212;&#8212;&#8212;&#8212;&#8212;&#8212;&#8212;&#8212;&#8212;&#8212;&#8212;&#8212;&#8212;&#8212;&#8212;&#8212;&#8212;&#8212;&#8212;&#8212;&#8212;&#8212;&#8212;&#8212;&#8212;&#8212;&#8212;&#8212;&#8212;&#8212;&#8212;&#8212;&#8212;&#8212;&#8212;&#8212;-<br \/>\nFornece excelente resist\u00eancia do material em motores de altas temperaturas e altas rota\u00e7\u00f5es<br \/>\nF\u00f3rmula anti-fric\u00e7\u00e3o para m\u00e1xima pot\u00eancia<br \/>\nQueima impurezas; ajuda a evitar a colagem dos segmentos e a incrusta\u00e7\u00e3o das velas<br \/>\nProtege pist\u00f5es de competi\u00e7\u00e3o revestidos e n\u00e3o revestidos<\/p>\n","protected":false},"excerpt":{"rendered":"<p>Para motores de 2 tempos de alto desempenho e modificados<br \/>\nEm ATVs, Go-carts, motociclos, embarca\u00e7\u00f5es<br \/>\nPerfeito em condi\u00e7\u00f5es de corrida<br \/>\n&#8212;&#8212;&#8212;&#8212;&#8212;&#8212;&#8212;&#8212;&#8212;&#8212;&#8212;&#8212;&#8212;&#8212;&#8212;&#8212;&#8212;&#8212;&#8212;&#8212;&#8212;&#8212;&#8212;&#8212;&#8212;&#8212;&#8212;&#8212;&#8212;&#8212;&#8212;&#8212;&#8212;&#8212;&#8212;&#8212;&#8212;&#8212;&#8212;&#8212;&#8212;&#8212;&#8212;&#8212;&#8212;&#8212;&#8212;&#8212;&#8212;&#8212;-<br \/>\nFornece excelente resist\u00eancia do material em motores de altas temperaturas e altas rota\u00e7\u00f5es<br \/>\nF\u00f3rmula anti-fric\u00e7\u00e3o para m\u00e1xima pot\u00eancia<br \/>\nQueima impurezas; ajuda a evitar a colagem dos segmentos e a incrusta\u00e7\u00e3o das velas<br \/>\nProtege pist\u00f5es de competi\u00e7\u00e3o revestidos e n\u00e3o revestidos<\/p>\n","protected":false},"featured_media":27908,"comment_status":"open","ping_status":"closed","template":"","meta":{"_acf_changed":false},"product_brand":[460],"product_cat":[385],"product_tag":[],"class_list":{"0":"post-27907","1":"product","2":"type-product","3":"status-publish","4":"has-post-thumbnail","6":"product_brand-amsoil","7":"product_cat-oleo-e-lubrificantes","9":"first","10":"instock","11":"shipping-taxable","12":"purchasable","13":"product-type-simple"},"acf":[],"_links":{"self":[{"href":"https:\/\/toxmoto.pt\/pt-PT\/wp-json\/wp\/v2\/product\/27907","targetHints":{"allow":["GET"]}}],"collection":[{"href":"https:\/\/toxmoto.pt\/pt-PT\/wp-json\/wp\/v2\/product"}],"about":[{"href":"https:\/\/toxmoto.pt\/pt-PT\/wp-json\/wp\/v2\/types\/product"}],"replies":[{"embeddable":true,"href":"https:\/\/toxmoto.pt\/pt-PT\/wp-json\/wp\/v2\/comments?post=27907"}],"version-history":[{"count":2,"href":"https:\/\/toxmoto.pt\/pt-PT\/wp-json\/wp\/v2\/product\/27907\/revisions"}],"predecessor-version":[{"id":27910,"href":"https:\/\/toxmoto.pt\/pt-PT\/wp-json\/wp\/v2\/product\/27907\/revisions\/27910"}],"wp:featuredmedia":[{"embeddable":true,"href":"https:\/\/toxmoto.pt\/pt-PT\/wp-json\/wp\/v2\/media\/27908"}],"wp:attachment":[{"href":"https:\/\/toxmoto.pt\/pt-PT\/wp-json\/wp\/v2\/media?parent=27907"}],"wp:term":[{"taxonomy":"product_brand","embeddable":true,"href":"https:\/\/toxmoto.pt\/pt-PT\/wp-json\/wp\/v2\/product_brand?post=27907"},{"taxonomy":"product_cat","embeddable":true,"href":"https:\/\/toxmoto.pt\/pt-PT\/wp-json\/wp\/v2\/product_cat?post=27907"},{"taxonomy":"product_tag","embeddable":true,"href":"https:\/\/toxmoto.pt\/pt-PT\/wp-json\/wp\/v2\/product_tag?post=27907"}],"curies":[{"name":"wp","href":"https:\/\/api.w.org\/{rel}","templated":true}]}}