{"id":27903,"date":"2025-05-14T14:04:55","date_gmt":"2025-05-14T14:04:55","guid":{"rendered":"https:\/\/toxmoto.pt\/pt-PT\/?post_type=product&#038;p=27903"},"modified":"2026-04-14T07:27:33","modified_gmt":"2026-04-14T07:27:33","slug":"atv-utv-5w-50-946ml-amsoil","status":"publish","type":"product","link":"https:\/\/toxmoto.pt\/pt-PT\/shop\/atv-utv-5w-50-946ml-amsoil\/","title":{"rendered":"ATV\/UTV 5W-50 (946ml) &#8211; AMSOIL"},"content":{"rendered":"<p>ATV\/UTV 5W-50 (946ml) &#8211; AMSOIL<\/p>\n<p>Prote\u00e7\u00e3o para tarefas exigentes e para enfrentar terrenos dif\u00edceis<br \/>\nDesempenho superior em todas as condi\u00e7\u00f5es meteorol\u00f3gicas<\/p>\n","protected":false},"excerpt":{"rendered":"<p>Prote\u00e7\u00e3o para tarefas exigentes e para enfrentar terrenos dif\u00edceis<br \/>\nDesempenho superior em todas as condi\u00e7\u00f5es meteorol\u00f3gicas<\/p>\n","protected":false},"featured_media":27904,"comment_status":"open","ping_status":"closed","template":"","meta":{"_acf_changed":false},"product_brand":[460],"product_cat":[385],"product_tag":[],"class_list":{"0":"post-27903","1":"product","2":"type-product","3":"status-publish","4":"has-post-thumbnail","6":"product_brand-amsoil","7":"product_cat-oleo-e-lubrificantes","9":"first","10":"instock","11":"shipping-taxable","12":"purchasable","13":"product-type-simple"},"acf":[],"_links":{"self":[{"href":"https:\/\/toxmoto.pt\/pt-PT\/wp-json\/wp\/v2\/product\/27903","targetHints":{"allow":["GET"]}}],"collection":[{"href":"https:\/\/toxmoto.pt\/pt-PT\/wp-json\/wp\/v2\/product"}],"about":[{"href":"https:\/\/toxmoto.pt\/pt-PT\/wp-json\/wp\/v2\/types\/product"}],"replies":[{"embeddable":true,"href":"https:\/\/toxmoto.pt\/pt-PT\/wp-json\/wp\/v2\/comments?post=27903"}],"version-history":[{"count":2,"href":"https:\/\/toxmoto.pt\/pt-PT\/wp-json\/wp\/v2\/product\/27903\/revisions"}],"predecessor-version":[{"id":27906,"href":"https:\/\/toxmoto.pt\/pt-PT\/wp-json\/wp\/v2\/product\/27903\/revisions\/27906"}],"wp:featuredmedia":[{"embeddable":true,"href":"https:\/\/toxmoto.pt\/pt-PT\/wp-json\/wp\/v2\/media\/27904"}],"wp:attachment":[{"href":"https:\/\/toxmoto.pt\/pt-PT\/wp-json\/wp\/v2\/media?parent=27903"}],"wp:term":[{"taxonomy":"product_brand","embeddable":true,"href":"https:\/\/toxmoto.pt\/pt-PT\/wp-json\/wp\/v2\/product_brand?post=27903"},{"taxonomy":"product_cat","embeddable":true,"href":"https:\/\/toxmoto.pt\/pt-PT\/wp-json\/wp\/v2\/product_cat?post=27903"},{"taxonomy":"product_tag","embeddable":true,"href":"https:\/\/toxmoto.pt\/pt-PT\/wp-json\/wp\/v2\/product_tag?post=27903"}],"curies":[{"name":"wp","href":"https:\/\/api.w.org\/{rel}","templated":true}]}}