{"id":27899,"date":"2025-05-14T14:00:40","date_gmt":"2025-05-14T14:00:40","guid":{"rendered":"https:\/\/toxmoto.pt\/pt-PT\/?post_type=product&#038;p=27899"},"modified":"2026-04-21T22:28:12","modified_gmt":"2026-04-21T22:28:12","slug":"oleo-injector-2t-auto-lube-ou-pre-mistura-946ml-amsoil","status":"publish","type":"product","link":"https:\/\/toxmoto.pt\/pt-PT\/shop\/oleo-injector-2t-auto-lube-ou-pre-mistura-946ml-amsoil\/","title":{"rendered":"\u00d3leo Injector 2T- Auto-Lube ou Pre-mistura (946ml) &#8211; AMSOIL"},"content":{"rendered":"<p>\u00d3leo Injector 2T- Auto-Lube ou Pre-mistura (946ml) &#8211; AMSOIL<\/p>\n<p>Protege contra a ferrugem e o desgaste<br \/>\nControla a acumula\u00e7\u00e3o de dep\u00f3sitos<br \/>\nPonto de escoamento de -60\u00b0F (-51\u00b0C)<\/p>\n","protected":false},"excerpt":{"rendered":"<p>Ideal para motores fora de borda e motos de neve<br \/>\nProtege contra a ferrugem e o desgaste<br \/>\nControla a acumula\u00e7ao de depositos<br \/>\nPonto de escoamento de -60\u00b0F (-51\u00b0C)<\/p>\n","protected":false},"featured_media":27901,"comment_status":"open","ping_status":"closed","template":"","meta":{"_acf_changed":false},"product_brand":[460],"product_cat":[385],"product_tag":[],"class_list":{"0":"post-27899","1":"product","2":"type-product","3":"status-publish","4":"has-post-thumbnail","6":"product_brand-amsoil","7":"product_cat-oleo-e-lubrificantes","9":"first","10":"instock","11":"shipping-taxable","12":"purchasable","13":"product-type-simple"},"acf":[],"_links":{"self":[{"href":"https:\/\/toxmoto.pt\/pt-PT\/wp-json\/wp\/v2\/product\/27899","targetHints":{"allow":["GET"]}}],"collection":[{"href":"https:\/\/toxmoto.pt\/pt-PT\/wp-json\/wp\/v2\/product"}],"about":[{"href":"https:\/\/toxmoto.pt\/pt-PT\/wp-json\/wp\/v2\/types\/product"}],"replies":[{"embeddable":true,"href":"https:\/\/toxmoto.pt\/pt-PT\/wp-json\/wp\/v2\/comments?post=27899"}],"version-history":[{"count":2,"href":"https:\/\/toxmoto.pt\/pt-PT\/wp-json\/wp\/v2\/product\/27899\/revisions"}],"predecessor-version":[{"id":27902,"href":"https:\/\/toxmoto.pt\/pt-PT\/wp-json\/wp\/v2\/product\/27899\/revisions\/27902"}],"wp:featuredmedia":[{"embeddable":true,"href":"https:\/\/toxmoto.pt\/pt-PT\/wp-json\/wp\/v2\/media\/27901"}],"wp:attachment":[{"href":"https:\/\/toxmoto.pt\/pt-PT\/wp-json\/wp\/v2\/media?parent=27899"}],"wp:term":[{"taxonomy":"product_brand","embeddable":true,"href":"https:\/\/toxmoto.pt\/pt-PT\/wp-json\/wp\/v2\/product_brand?post=27899"},{"taxonomy":"product_cat","embeddable":true,"href":"https:\/\/toxmoto.pt\/pt-PT\/wp-json\/wp\/v2\/product_cat?post=27899"},{"taxonomy":"product_tag","embeddable":true,"href":"https:\/\/toxmoto.pt\/pt-PT\/wp-json\/wp\/v2\/product_tag?post=27899"}],"curies":[{"name":"wp","href":"https:\/\/api.w.org\/{rel}","templated":true}]}}