{"id":27894,"date":"2025-05-14T13:48:43","date_gmt":"2025-05-14T13:48:43","guid":{"rendered":"https:\/\/toxmoto.pt\/pt-PT\/?post_type=product&#038;p=27894"},"modified":"2026-04-22T01:28:36","modified_gmt":"2026-04-22T01:28:36","slug":"performance-10w-40-4t-946ml-amsoil","status":"publish","type":"product","link":"https:\/\/toxmoto.pt\/pt-PT\/shop\/performance-10w-40-4t-946ml-amsoil\/","title":{"rendered":"Performance 10W-40 4T (946ml) &#8211; AMSOIL"},"content":{"rendered":"<p>Performance 10W-40 4T (946ml) &#8211; AMSOIL<\/p>\n<p>Prote\u00e7\u00e3o superior contra o desgaste<br \/>\nMudan\u00e7as de velocidade suaves e sincronizadas<br \/>\nDesempenho excelente<br \/>\nO \u00f3leo para motociclos AMSOIL 100% sint\u00e9tico 4T Performance foi formulado para as altas temperaturas comuns aos motores em V refrigerados a ar, \u00e0s motos desportivas de condu\u00e7\u00e3o agressiva e aos condutores di\u00e1rios que operam nas condi\u00e7\u00f5es mais severas. Proporciona a confian\u00e7a e a seguran\u00e7a que adv\u00eam de uma prote\u00e7\u00e3o e desempenho excepcionais.<\/p>\n","protected":false},"excerpt":{"rendered":"<p>Prote\u00e7\u00e3o superior contra o desgaste<br \/>\nMudan\u00e7as de velocidade suaves e sincronizadas<br \/>\nDesempenho excelente<br \/>\nO \u00f3leo para motociclos AMSOIL 100% sint\u00e9tico 4T Performance foi formulado para as altas temperaturas comuns aos motores em V refrigerados a ar, \u00e0s motos desportivas de condu\u00e7\u00e3o agressiva e aos condutores di\u00e1rios que operam nas condi\u00e7\u00f5es mais severas. Proporciona a confian\u00e7a e a seguran\u00e7a que adv\u00eam de uma prote\u00e7\u00e3o e desempenho excepcionais.<\/p>\n","protected":false},"featured_media":27895,"comment_status":"open","ping_status":"closed","template":"","meta":{"_acf_changed":false},"product_brand":[460],"product_cat":[385],"product_tag":[],"class_list":{"0":"post-27894","1":"product","2":"type-product","3":"status-publish","4":"has-post-thumbnail","6":"product_brand-amsoil","7":"product_cat-oleo-e-lubrificantes","9":"first","10":"outofstock","11":"shipping-taxable","12":"purchasable","13":"product-type-simple"},"acf":[],"_links":{"self":[{"href":"https:\/\/toxmoto.pt\/pt-PT\/wp-json\/wp\/v2\/product\/27894","targetHints":{"allow":["GET"]}}],"collection":[{"href":"https:\/\/toxmoto.pt\/pt-PT\/wp-json\/wp\/v2\/product"}],"about":[{"href":"https:\/\/toxmoto.pt\/pt-PT\/wp-json\/wp\/v2\/types\/product"}],"replies":[{"embeddable":true,"href":"https:\/\/toxmoto.pt\/pt-PT\/wp-json\/wp\/v2\/comments?post=27894"}],"version-history":[{"count":3,"href":"https:\/\/toxmoto.pt\/pt-PT\/wp-json\/wp\/v2\/product\/27894\/revisions"}],"predecessor-version":[{"id":27898,"href":"https:\/\/toxmoto.pt\/pt-PT\/wp-json\/wp\/v2\/product\/27894\/revisions\/27898"}],"wp:featuredmedia":[{"embeddable":true,"href":"https:\/\/toxmoto.pt\/pt-PT\/wp-json\/wp\/v2\/media\/27895"}],"wp:attachment":[{"href":"https:\/\/toxmoto.pt\/pt-PT\/wp-json\/wp\/v2\/media?parent=27894"}],"wp:term":[{"taxonomy":"product_brand","embeddable":true,"href":"https:\/\/toxmoto.pt\/pt-PT\/wp-json\/wp\/v2\/product_brand?post=27894"},{"taxonomy":"product_cat","embeddable":true,"href":"https:\/\/toxmoto.pt\/pt-PT\/wp-json\/wp\/v2\/product_cat?post=27894"},{"taxonomy":"product_tag","embeddable":true,"href":"https:\/\/toxmoto.pt\/pt-PT\/wp-json\/wp\/v2\/product_tag?post=27894"}],"curies":[{"name":"wp","href":"https:\/\/api.w.org\/{rel}","templated":true}]}}