{"id":27890,"date":"2025-05-14T13:43:27","date_gmt":"2025-05-14T13:43:27","guid":{"rendered":"https:\/\/toxmoto.pt\/pt-PT\/?post_type=product&#038;p=27890"},"modified":"2026-04-16T00:33:38","modified_gmt":"2026-04-16T00:33:38","slug":"premium-zinco-10w-40-4t-946ml-amsoil","status":"publish","type":"product","link":"https:\/\/toxmoto.pt\/pt-PT\/shop\/premium-zinco-10w-40-4t-946ml-amsoil\/","title":{"rendered":"Premium Zinco 10W-40 4T (946ml) &#8211; AMSOIL"},"content":{"rendered":"<p>Premium Zinco 10W-40 4T (946ml) &#8211; AMSOIL<\/p>\n<div>Para utiliza\u00e7\u00e3o em motores a gasolina e a gas\u00f3leo<br \/>\nOferece multifuncionalidade e protec\u00e7\u00e3o contra o desgaste<br \/>\nIdeal para aplica\u00e7\u00f5es em que \u00e9 necess\u00e1ria a protec\u00e7\u00e3o adicional de um \u00f3leo de viscosidade mais elevada<br \/>\nExcelente para autocaravanas e ve\u00edculos mais antigos<\/div>\n<div>Compat\u00edvel com alguns motociclos<\/div>\n","protected":false},"excerpt":{"rendered":"<p>A f\u00f3rmula com elevado teor de zinco protege contra o desgaste<br \/>\nIdeal para arvores de cames<br \/>\nResiste aos dep\u00f3sitos para ajudar a manter os motores limpos<br \/>\nRecomenda-se a utiliza\u00e7\u00e3o para motores a gasolina e a gas\u00f3leo<\/p>\n","protected":false},"featured_media":27891,"comment_status":"open","ping_status":"closed","template":"","meta":{"_acf_changed":false},"product_brand":[460],"product_cat":[385],"product_tag":[],"class_list":{"0":"post-27890","1":"product","2":"type-product","3":"status-publish","4":"has-post-thumbnail","6":"product_brand-amsoil","7":"product_cat-oleo-e-lubrificantes","9":"first","10":"instock","11":"shipping-taxable","12":"purchasable","13":"product-type-simple"},"acf":[],"_links":{"self":[{"href":"https:\/\/toxmoto.pt\/pt-PT\/wp-json\/wp\/v2\/product\/27890","targetHints":{"allow":["GET"]}}],"collection":[{"href":"https:\/\/toxmoto.pt\/pt-PT\/wp-json\/wp\/v2\/product"}],"about":[{"href":"https:\/\/toxmoto.pt\/pt-PT\/wp-json\/wp\/v2\/types\/product"}],"replies":[{"embeddable":true,"href":"https:\/\/toxmoto.pt\/pt-PT\/wp-json\/wp\/v2\/comments?post=27890"}],"version-history":[{"count":2,"href":"https:\/\/toxmoto.pt\/pt-PT\/wp-json\/wp\/v2\/product\/27890\/revisions"}],"predecessor-version":[{"id":27893,"href":"https:\/\/toxmoto.pt\/pt-PT\/wp-json\/wp\/v2\/product\/27890\/revisions\/27893"}],"wp:featuredmedia":[{"embeddable":true,"href":"https:\/\/toxmoto.pt\/pt-PT\/wp-json\/wp\/v2\/media\/27891"}],"wp:attachment":[{"href":"https:\/\/toxmoto.pt\/pt-PT\/wp-json\/wp\/v2\/media?parent=27890"}],"wp:term":[{"taxonomy":"product_brand","embeddable":true,"href":"https:\/\/toxmoto.pt\/pt-PT\/wp-json\/wp\/v2\/product_brand?post=27890"},{"taxonomy":"product_cat","embeddable":true,"href":"https:\/\/toxmoto.pt\/pt-PT\/wp-json\/wp\/v2\/product_cat?post=27890"},{"taxonomy":"product_tag","embeddable":true,"href":"https:\/\/toxmoto.pt\/pt-PT\/wp-json\/wp\/v2\/product_tag?post=27890"}],"curies":[{"name":"wp","href":"https:\/\/api.w.org\/{rel}","templated":true}]}}