{"id":27805,"date":"2025-05-12T13:23:13","date_gmt":"2025-05-12T13:23:13","guid":{"rendered":"https:\/\/toxmoto.pt\/pt-PT\/?post_type=product&#038;p=27805"},"modified":"2026-04-14T22:25:30","modified_gmt":"2026-04-14T22:25:30","slug":"bomba-travao-so-hidraulico-o-8-dist-40mm-pitbike-ycf","status":"publish","type":"product","link":"https:\/\/toxmoto.pt\/pt-PT\/shop\/bomba-travao-so-hidraulico-o-8-dist-40mm-pitbike-ycf\/","title":{"rendered":"Bomba Trav\u00e3o (s\u00f3 Hidr\u00e1ulico) (\u00d8 8 \/ DIST. 40mm), Pitbike, YCF"},"content":{"rendered":"<p>Bomba Trav\u00e3o (s\u00f3 Hidr\u00e1ulico) (\u00d8 8 \/ DIST. 40mm), Pitbike, YCF<\/p>\n","protected":false},"excerpt":{"rendered":"<p>Bomba Trav\u00e3o (s\u00f3 Hidr\u00e1ulico) (\u00d8 8 \/ DIST. 40mm), Pitbike, YCF<\/p>\n","protected":false},"featured_media":27806,"comment_status":"open","ping_status":"closed","template":"","meta":{"_acf_changed":false},"product_brand":[],"product_cat":[380,378],"product_tag":[],"class_list":{"0":"post-27805","1":"product","2":"type-product","3":"status-publish","4":"has-post-thumbnail","6":"product_cat-bombas-e-pincas-de-travao","7":"product_cat-travoes","9":"first","10":"instock","11":"shipping-taxable","12":"purchasable","13":"product-type-simple"},"acf":[],"_links":{"self":[{"href":"https:\/\/toxmoto.pt\/pt-PT\/wp-json\/wp\/v2\/product\/27805","targetHints":{"allow":["GET"]}}],"collection":[{"href":"https:\/\/toxmoto.pt\/pt-PT\/wp-json\/wp\/v2\/product"}],"about":[{"href":"https:\/\/toxmoto.pt\/pt-PT\/wp-json\/wp\/v2\/types\/product"}],"replies":[{"embeddable":true,"href":"https:\/\/toxmoto.pt\/pt-PT\/wp-json\/wp\/v2\/comments?post=27805"}],"version-history":[{"count":2,"href":"https:\/\/toxmoto.pt\/pt-PT\/wp-json\/wp\/v2\/product\/27805\/revisions"}],"predecessor-version":[{"id":27808,"href":"https:\/\/toxmoto.pt\/pt-PT\/wp-json\/wp\/v2\/product\/27805\/revisions\/27808"}],"wp:featuredmedia":[{"embeddable":true,"href":"https:\/\/toxmoto.pt\/pt-PT\/wp-json\/wp\/v2\/media\/27806"}],"wp:attachment":[{"href":"https:\/\/toxmoto.pt\/pt-PT\/wp-json\/wp\/v2\/media?parent=27805"}],"wp:term":[{"taxonomy":"product_brand","embeddable":true,"href":"https:\/\/toxmoto.pt\/pt-PT\/wp-json\/wp\/v2\/product_brand?post=27805"},{"taxonomy":"product_cat","embeddable":true,"href":"https:\/\/toxmoto.pt\/pt-PT\/wp-json\/wp\/v2\/product_cat?post=27805"},{"taxonomy":"product_tag","embeddable":true,"href":"https:\/\/toxmoto.pt\/pt-PT\/wp-json\/wp\/v2\/product_tag?post=27805"}],"curies":[{"name":"wp","href":"https:\/\/api.w.org\/{rel}","templated":true}]}}