{"id":27801,"date":"2025-05-12T13:20:00","date_gmt":"2025-05-12T13:20:00","guid":{"rendered":"https:\/\/toxmoto.pt\/pt-PT\/?post_type=product&#038;p=27801"},"modified":"2026-04-16T17:26:39","modified_gmt":"2026-04-16T17:26:39","slug":"bomba-travao-so-hidraulico-o-10-pitbike-ycf-lite","status":"publish","type":"product","link":"https:\/\/toxmoto.pt\/pt-PT\/shop\/bomba-travao-so-hidraulico-o-10-pitbike-ycf-lite\/","title":{"rendered":"Bomba Trav\u00e3o (so Hidr\u00e1ulico) (\u00d8 10), Pitbike, YCF (Lite)"},"content":{"rendered":"<p>Bomba Trav\u00e3o (so Hidr\u00e1ulico) (\u00d8 10), Pitbike, YCF (Lite)<\/p>\n","protected":false},"excerpt":{"rendered":"<p>Bomba Trav\u00e3o (so Hidr\u00e1ulico) (\u00d8 10), Pitbike, YCF (Lite)<\/p>\n","protected":false},"featured_media":27802,"comment_status":"open","ping_status":"closed","template":"","meta":{"_acf_changed":false},"product_brand":[606],"product_cat":[380,378],"product_tag":[],"class_list":{"0":"post-27801","1":"product","2":"type-product","3":"status-publish","4":"has-post-thumbnail","6":"product_brand-ycf","7":"product_cat-bombas-e-pincas-de-travao","8":"product_cat-travoes","10":"first","11":"instock","12":"shipping-taxable","13":"purchasable","14":"product-type-simple"},"acf":[],"_links":{"self":[{"href":"https:\/\/toxmoto.pt\/pt-PT\/wp-json\/wp\/v2\/product\/27801","targetHints":{"allow":["GET"]}}],"collection":[{"href":"https:\/\/toxmoto.pt\/pt-PT\/wp-json\/wp\/v2\/product"}],"about":[{"href":"https:\/\/toxmoto.pt\/pt-PT\/wp-json\/wp\/v2\/types\/product"}],"replies":[{"embeddable":true,"href":"https:\/\/toxmoto.pt\/pt-PT\/wp-json\/wp\/v2\/comments?post=27801"}],"version-history":[{"count":2,"href":"https:\/\/toxmoto.pt\/pt-PT\/wp-json\/wp\/v2\/product\/27801\/revisions"}],"predecessor-version":[{"id":27804,"href":"https:\/\/toxmoto.pt\/pt-PT\/wp-json\/wp\/v2\/product\/27801\/revisions\/27804"}],"wp:featuredmedia":[{"embeddable":true,"href":"https:\/\/toxmoto.pt\/pt-PT\/wp-json\/wp\/v2\/media\/27802"}],"wp:attachment":[{"href":"https:\/\/toxmoto.pt\/pt-PT\/wp-json\/wp\/v2\/media?parent=27801"}],"wp:term":[{"taxonomy":"product_brand","embeddable":true,"href":"https:\/\/toxmoto.pt\/pt-PT\/wp-json\/wp\/v2\/product_brand?post=27801"},{"taxonomy":"product_cat","embeddable":true,"href":"https:\/\/toxmoto.pt\/pt-PT\/wp-json\/wp\/v2\/product_cat?post=27801"},{"taxonomy":"product_tag","embeddable":true,"href":"https:\/\/toxmoto.pt\/pt-PT\/wp-json\/wp\/v2\/product_tag?post=27801"}],"curies":[{"name":"wp","href":"https:\/\/api.w.org\/{rel}","templated":true}]}}