{"id":27771,"date":"2025-05-07T15:36:50","date_gmt":"2025-05-07T15:36:50","guid":{"rendered":"https:\/\/toxmoto.pt\/pt-PT\/?post_type=product&#038;p=27771"},"modified":"2026-04-14T13:25:18","modified_gmt":"2026-04-14T13:25:18","slug":"calca-mxk3w-crianca-14-14-16-anos-rosa-tox","status":"publish","type":"product","link":"https:\/\/toxmoto.pt\/pt-PT\/shop\/calca-mxk3w-crianca-14-14-16-anos-rosa-tox\/","title":{"rendered":"Cal\u00e7a MXK3W Crian\u00e7a &#8211; 14 (14-16 anos), Rosa &#8211; TOX"},"content":{"rendered":"<p>Cal\u00e7a MXK3W Crian\u00e7a &#8211; 14 (14-16 anos), Rosa &#8211; TOX<\/p>\n","protected":false},"excerpt":{"rendered":"<p>Cal\u00e7a MXK3W Crian\u00e7a &#8211; 14 (14-16 anos), Rosa &#8211; TOX<\/p>\n","protected":false},"featured_media":27769,"comment_status":"open","ping_status":"closed","template":"","meta":{"_acf_changed":false},"product_brand":[],"product_cat":[348,408],"product_tag":[],"class_list":{"0":"post-27771","1":"product","2":"type-product","3":"status-publish","4":"has-post-thumbnail","6":"product_cat-capacetes-equipamento","7":"product_cat-calcas-e-jersey","9":"first","10":"instock","11":"shipping-taxable","12":"purchasable","13":"product-type-simple"},"acf":[],"_links":{"self":[{"href":"https:\/\/toxmoto.pt\/pt-PT\/wp-json\/wp\/v2\/product\/27771","targetHints":{"allow":["GET"]}}],"collection":[{"href":"https:\/\/toxmoto.pt\/pt-PT\/wp-json\/wp\/v2\/product"}],"about":[{"href":"https:\/\/toxmoto.pt\/pt-PT\/wp-json\/wp\/v2\/types\/product"}],"replies":[{"embeddable":true,"href":"https:\/\/toxmoto.pt\/pt-PT\/wp-json\/wp\/v2\/comments?post=27771"}],"version-history":[{"count":1,"href":"https:\/\/toxmoto.pt\/pt-PT\/wp-json\/wp\/v2\/product\/27771\/revisions"}],"predecessor-version":[{"id":27772,"href":"https:\/\/toxmoto.pt\/pt-PT\/wp-json\/wp\/v2\/product\/27771\/revisions\/27772"}],"wp:featuredmedia":[{"embeddable":true,"href":"https:\/\/toxmoto.pt\/pt-PT\/wp-json\/wp\/v2\/media\/27769"}],"wp:attachment":[{"href":"https:\/\/toxmoto.pt\/pt-PT\/wp-json\/wp\/v2\/media?parent=27771"}],"wp:term":[{"taxonomy":"product_brand","embeddable":true,"href":"https:\/\/toxmoto.pt\/pt-PT\/wp-json\/wp\/v2\/product_brand?post=27771"},{"taxonomy":"product_cat","embeddable":true,"href":"https:\/\/toxmoto.pt\/pt-PT\/wp-json\/wp\/v2\/product_cat?post=27771"},{"taxonomy":"product_tag","embeddable":true,"href":"https:\/\/toxmoto.pt\/pt-PT\/wp-json\/wp\/v2\/product_tag?post=27771"}],"curies":[{"name":"wp","href":"https:\/\/api.w.org\/{rel}","templated":true}]}}