{"id":27764,"date":"2025-05-07T15:29:43","date_gmt":"2025-05-07T15:29:43","guid":{"rendered":"https:\/\/toxmoto.pt\/pt-PT\/?post_type=product&#038;p=27764"},"modified":"2026-04-12T11:26:55","modified_gmt":"2026-04-12T11:26:55","slug":"calca-mxk3w-crianca-14-14-16-anos-laranja-tox","status":"publish","type":"product","link":"https:\/\/toxmoto.pt\/pt-PT\/shop\/calca-mxk3w-crianca-14-14-16-anos-laranja-tox\/","title":{"rendered":"Cal\u00e7a MXK3W Crian\u00e7a &#8211; 14 (14-16 anos), Laranja &#8211; TOX"},"content":{"rendered":"<p>Cal\u00e7a MXK3W Crian\u00e7a &#8211; 14 (14-16 anos), Laranja &#8211; TOX<\/p>\n","protected":false},"excerpt":{"rendered":"<p>Cal\u00e7a MXK3W Crian\u00e7a &#8211; 14 (14-16 anos), Laranja &#8211; TOX<\/p>\n","protected":false},"featured_media":27765,"comment_status":"open","ping_status":"closed","template":"","meta":{"_acf_changed":false},"product_brand":[],"product_cat":[348,408],"product_tag":[],"class_list":{"0":"post-27764","1":"product","2":"type-product","3":"status-publish","4":"has-post-thumbnail","6":"product_cat-capacetes-equipamento","7":"product_cat-calcas-e-jersey","9":"first","10":"instock","11":"shipping-taxable","12":"purchasable","13":"product-type-simple"},"acf":[],"_links":{"self":[{"href":"https:\/\/toxmoto.pt\/pt-PT\/wp-json\/wp\/v2\/product\/27764","targetHints":{"allow":["GET"]}}],"collection":[{"href":"https:\/\/toxmoto.pt\/pt-PT\/wp-json\/wp\/v2\/product"}],"about":[{"href":"https:\/\/toxmoto.pt\/pt-PT\/wp-json\/wp\/v2\/types\/product"}],"replies":[{"embeddable":true,"href":"https:\/\/toxmoto.pt\/pt-PT\/wp-json\/wp\/v2\/comments?post=27764"}],"version-history":[{"count":2,"href":"https:\/\/toxmoto.pt\/pt-PT\/wp-json\/wp\/v2\/product\/27764\/revisions"}],"predecessor-version":[{"id":27768,"href":"https:\/\/toxmoto.pt\/pt-PT\/wp-json\/wp\/v2\/product\/27764\/revisions\/27768"}],"wp:featuredmedia":[{"embeddable":true,"href":"https:\/\/toxmoto.pt\/pt-PT\/wp-json\/wp\/v2\/media\/27765"}],"wp:attachment":[{"href":"https:\/\/toxmoto.pt\/pt-PT\/wp-json\/wp\/v2\/media?parent=27764"}],"wp:term":[{"taxonomy":"product_brand","embeddable":true,"href":"https:\/\/toxmoto.pt\/pt-PT\/wp-json\/wp\/v2\/product_brand?post=27764"},{"taxonomy":"product_cat","embeddable":true,"href":"https:\/\/toxmoto.pt\/pt-PT\/wp-json\/wp\/v2\/product_cat?post=27764"},{"taxonomy":"product_tag","embeddable":true,"href":"https:\/\/toxmoto.pt\/pt-PT\/wp-json\/wp\/v2\/product_tag?post=27764"}],"curies":[{"name":"wp","href":"https:\/\/api.w.org\/{rel}","templated":true}]}}