{"id":27733,"date":"2025-05-05T16:11:25","date_gmt":"2025-05-05T16:11:25","guid":{"rendered":"https:\/\/toxmoto.pt\/pt-PT\/?post_type=product&#038;p=27733"},"modified":"2026-04-22T07:29:04","modified_gmt":"2026-04-22T07:29:04","slug":"protector-de-metal-resistente-425g-amsoil","status":"publish","type":"product","link":"https:\/\/toxmoto.pt\/pt-PT\/shop\/protector-de-metal-resistente-425g-amsoil\/","title":{"rendered":"Protector de Metal Resistente (425g)  &#8211; AMSOIL"},"content":{"rendered":"<p>Protector de Metal Resistente (425g) &#8211; AMSOIL<\/p>\n","protected":false},"excerpt":{"rendered":"<p>Cont\u00e9m aditivos especiais inibidores de ferrugem e corros\u00e3o<br \/>\nProtege contra os efeitos do sal, da humidade e da corros\u00e3o qu\u00edmica<br \/>\nDeixa um revestimento \u00e2mbar duradouro (at\u00e9 v\u00e1rios anos), protetor e semelhante a cera<br \/>\nPulveriza em locais de dif\u00edcil acesso e funciona como subcapa<br \/>\nIdeal para a\u00e7o, ferro, alum\u00ednio, lat\u00e3o, cobre e outras superf\u00edcies met\u00e1licas.<\/p>\n","protected":false},"featured_media":27734,"comment_status":"open","ping_status":"closed","template":"","meta":{"_acf_changed":false},"product_brand":[460],"product_cat":[385],"product_tag":[386],"class_list":{"0":"post-27733","1":"product","2":"type-product","3":"status-publish","4":"has-post-thumbnail","6":"product_brand-amsoil","7":"product_cat-oleo-e-lubrificantes","8":"product_tag-amsoil","10":"first","11":"instock","12":"shipping-taxable","13":"purchasable","14":"product-type-simple"},"acf":[],"_links":{"self":[{"href":"https:\/\/toxmoto.pt\/pt-PT\/wp-json\/wp\/v2\/product\/27733","targetHints":{"allow":["GET"]}}],"collection":[{"href":"https:\/\/toxmoto.pt\/pt-PT\/wp-json\/wp\/v2\/product"}],"about":[{"href":"https:\/\/toxmoto.pt\/pt-PT\/wp-json\/wp\/v2\/types\/product"}],"replies":[{"embeddable":true,"href":"https:\/\/toxmoto.pt\/pt-PT\/wp-json\/wp\/v2\/comments?post=27733"}],"version-history":[{"count":2,"href":"https:\/\/toxmoto.pt\/pt-PT\/wp-json\/wp\/v2\/product\/27733\/revisions"}],"predecessor-version":[{"id":27736,"href":"https:\/\/toxmoto.pt\/pt-PT\/wp-json\/wp\/v2\/product\/27733\/revisions\/27736"}],"wp:featuredmedia":[{"embeddable":true,"href":"https:\/\/toxmoto.pt\/pt-PT\/wp-json\/wp\/v2\/media\/27734"}],"wp:attachment":[{"href":"https:\/\/toxmoto.pt\/pt-PT\/wp-json\/wp\/v2\/media?parent=27733"}],"wp:term":[{"taxonomy":"product_brand","embeddable":true,"href":"https:\/\/toxmoto.pt\/pt-PT\/wp-json\/wp\/v2\/product_brand?post=27733"},{"taxonomy":"product_cat","embeddable":true,"href":"https:\/\/toxmoto.pt\/pt-PT\/wp-json\/wp\/v2\/product_cat?post=27733"},{"taxonomy":"product_tag","embeddable":true,"href":"https:\/\/toxmoto.pt\/pt-PT\/wp-json\/wp\/v2\/product_tag?post=27733"}],"curies":[{"name":"wp","href":"https:\/\/api.w.org\/{rel}","templated":true}]}}