{"id":27729,"date":"2025-05-05T16:06:47","date_gmt":"2025-05-05T16:06:47","guid":{"rendered":"https:\/\/toxmoto.pt\/pt-PT\/?post_type=product&#038;p=27729"},"modified":"2026-04-21T21:27:03","modified_gmt":"2026-04-21T21:27:03","slug":"lubrificante-de-montagem-do-motor-118ml-amsoil","status":"publish","type":"product","link":"https:\/\/toxmoto.pt\/pt-PT\/shop\/lubrificante-de-montagem-do-motor-118ml-amsoil\/","title":{"rendered":"Lubrificante de montagem do motor (118ml) &#8211; AMSOIL"},"content":{"rendered":"<p>Lubrificante de montagem do motor (118ml) &#8211; AMSOIL<\/p>\n","protected":false},"excerpt":{"rendered":"<p>Formulado para aderir \u00e0s pe\u00e7as do motor e proporcionar uma prote\u00e7\u00e3o excecional contra o desgaste.<br \/>\nEvita a ferrugem e a corros\u00e3o em motores a quatro tempos rec\u00e9m-constru\u00eddos ou reconstru\u00eddos<br \/>\nConcebido para se dissolver no \u00f3leo, ajudando a eliminar a obstru\u00e7\u00e3o dos orif\u00edcios do \u00f3leo e a forma\u00e7\u00e3o de dep\u00f3sitos.<\/p>\n","protected":false},"featured_media":27730,"comment_status":"open","ping_status":"closed","template":"","meta":{"_acf_changed":false},"product_brand":[460],"product_cat":[385],"product_tag":[],"class_list":{"0":"post-27729","1":"product","2":"type-product","3":"status-publish","4":"has-post-thumbnail","6":"product_brand-amsoil","7":"product_cat-oleo-e-lubrificantes","9":"first","10":"instock","11":"shipping-taxable","12":"purchasable","13":"product-type-simple"},"acf":[],"_links":{"self":[{"href":"https:\/\/toxmoto.pt\/pt-PT\/wp-json\/wp\/v2\/product\/27729","targetHints":{"allow":["GET"]}}],"collection":[{"href":"https:\/\/toxmoto.pt\/pt-PT\/wp-json\/wp\/v2\/product"}],"about":[{"href":"https:\/\/toxmoto.pt\/pt-PT\/wp-json\/wp\/v2\/types\/product"}],"replies":[{"embeddable":true,"href":"https:\/\/toxmoto.pt\/pt-PT\/wp-json\/wp\/v2\/comments?post=27729"}],"version-history":[{"count":2,"href":"https:\/\/toxmoto.pt\/pt-PT\/wp-json\/wp\/v2\/product\/27729\/revisions"}],"predecessor-version":[{"id":27732,"href":"https:\/\/toxmoto.pt\/pt-PT\/wp-json\/wp\/v2\/product\/27729\/revisions\/27732"}],"wp:featuredmedia":[{"embeddable":true,"href":"https:\/\/toxmoto.pt\/pt-PT\/wp-json\/wp\/v2\/media\/27730"}],"wp:attachment":[{"href":"https:\/\/toxmoto.pt\/pt-PT\/wp-json\/wp\/v2\/media?parent=27729"}],"wp:term":[{"taxonomy":"product_brand","embeddable":true,"href":"https:\/\/toxmoto.pt\/pt-PT\/wp-json\/wp\/v2\/product_brand?post=27729"},{"taxonomy":"product_cat","embeddable":true,"href":"https:\/\/toxmoto.pt\/pt-PT\/wp-json\/wp\/v2\/product_cat?post=27729"},{"taxonomy":"product_tag","embeddable":true,"href":"https:\/\/toxmoto.pt\/pt-PT\/wp-json\/wp\/v2\/product_tag?post=27729"}],"curies":[{"name":"wp","href":"https:\/\/api.w.org\/{rel}","templated":true}]}}