{"id":27470,"date":"2025-03-27T10:55:27","date_gmt":"2025-03-27T10:55:27","guid":{"rendered":"https:\/\/toxmoto.pt\/pt-PT\/?post_type=product&#038;p=27470"},"modified":"2026-04-15T03:29:17","modified_gmt":"2026-04-15T03:29:17","slug":"carenagem-principal-preto-atv49-quad-racer-qd07","status":"publish","type":"product","link":"https:\/\/toxmoto.pt\/pt-PT\/shop\/carenagem-principal-preto-atv49-quad-racer-qd07\/","title":{"rendered":"Carenagem PRINCIPAL (PRETO), ATV49, QUAD RACER (QD07)"},"content":{"rendered":"<p>N\u00e3o inclui a carenagem FRT do farol;<\/p>\n","protected":false},"excerpt":{"rendered":"<p>Caracter\u00edsticas Gerais<\/p>\n<p>Motor: 1 cilindro, 2 tempos, arrefecido a ar, 49cc<br \/>\nCilindrada: 44ml<br \/>\nR\u00e1cio de Compress\u00e3o: 7.5:1<br \/>\nPot\u00eancia Max. (kw\/r\/mim): 2\/ 7500<br \/>\nTorque Max. (N.m\/r\/min): 2.3\/3600<br \/>\nTransmiss\u00e3o: Corrente, embraiagem totalmente autom\u00e1tica<br \/>\nArranque: Puxador manual + e-start<br \/>\nIgni\u00e7\u00e3o: C.D.I<br \/>\nPneus: Frente 4.10-6 tr\u00e1s 13*5.00-6<br \/>\nVolume do Dep\u00f3sito de Combust\u00edvel: 1.8L<br \/>\nVelocidade Max.: ~36kmph<br \/>\nCapacidade de Carga Max.: 70kgs<br \/>\nSistema de Travagem: Frente 2 discos de trav\u00e3o e tr\u00e1s 1 disco de trav\u00e3o<br \/>\nSuspens\u00e3o: Frente amortecedor duplo, Tr\u00e1s monoshock<br \/>\nDimens\u00f5es: 1000mm(L)*590mm(W)*630(H)<br \/>\nDist\u00e2ncia entre eixos:700mm<br \/>\nAltura do assento:435mm<br \/>\nPeso l\u00edquido: 30kg<br \/>\nCores disponiveis: vermelho, azul e verde<\/p>\n<p>&#8212;&#8212;&#8212;&#8212;&#8212;&#8212;&#8212;&#8212;&#8212;&#8212;&#8212;&#8212;&#8212;&#8212;&#8212;&#8212;&#8212;&#8212;&#8212;&#8212;&#8211;<\/p>\n<p>AVISO: Este artigo \u00e9 entregue na sua embalagem original, SEM MONTAGEM, pelo que requer algum conhecimento t\u00e9cnico para a sua correcta montagem e afina\u00e7\u00e3o.<\/p>\n<p>A garantia de 24 meses para defeitos de fabrica\u00e7\u00e3o, n\u00e3o inclui pe\u00e7as de desgaste, nomeadamente, mas n\u00e3o se limitando a: embraiagens, puxadores de arranque manual, pastilhas de trav\u00e3o, correntes, cabos, etc&#8230;. Informa-se ainda que a garantia apenas abrange pe\u00e7as\/componetes isoladamente e n\u00e3o o respectivo artigo na sua totalidade, ou seja, caso seja detectada alguma anomalia, apenas ser\u00e1 enviada a pe\u00e7a para a sua substitui\u00e7\u00e3o, sendo que todos os custos de montagem que possam estar directa ou indirectamente relacionados com a susbtitui\u00e7\u00e3o da pe\u00e7a an\u00f4mala, ser\u00e3o suportados pelo cliente.<\/p>\n","protected":false},"featured_media":27471,"comment_status":"open","ping_status":"closed","template":"","meta":{"_acf_changed":false},"product_brand":[],"product_cat":[391],"product_tag":[],"class_list":{"0":"post-27470","1":"product","2":"type-product","3":"status-publish","4":"has-post-thumbnail","6":"product_cat-carenagens-e-plasticos","8":"first","9":"instock","10":"shipping-taxable","11":"purchasable","12":"product-type-simple"},"acf":[],"_links":{"self":[{"href":"https:\/\/toxmoto.pt\/pt-PT\/wp-json\/wp\/v2\/product\/27470","targetHints":{"allow":["GET"]}}],"collection":[{"href":"https:\/\/toxmoto.pt\/pt-PT\/wp-json\/wp\/v2\/product"}],"about":[{"href":"https:\/\/toxmoto.pt\/pt-PT\/wp-json\/wp\/v2\/types\/product"}],"replies":[{"embeddable":true,"href":"https:\/\/toxmoto.pt\/pt-PT\/wp-json\/wp\/v2\/comments?post=27470"}],"version-history":[{"count":1,"href":"https:\/\/toxmoto.pt\/pt-PT\/wp-json\/wp\/v2\/product\/27470\/revisions"}],"predecessor-version":[{"id":27472,"href":"https:\/\/toxmoto.pt\/pt-PT\/wp-json\/wp\/v2\/product\/27470\/revisions\/27472"}],"wp:featuredmedia":[{"embeddable":true,"href":"https:\/\/toxmoto.pt\/pt-PT\/wp-json\/wp\/v2\/media\/27471"}],"wp:attachment":[{"href":"https:\/\/toxmoto.pt\/pt-PT\/wp-json\/wp\/v2\/media?parent=27470"}],"wp:term":[{"taxonomy":"product_brand","embeddable":true,"href":"https:\/\/toxmoto.pt\/pt-PT\/wp-json\/wp\/v2\/product_brand?post=27470"},{"taxonomy":"product_cat","embeddable":true,"href":"https:\/\/toxmoto.pt\/pt-PT\/wp-json\/wp\/v2\/product_cat?post=27470"},{"taxonomy":"product_tag","embeddable":true,"href":"https:\/\/toxmoto.pt\/pt-PT\/wp-json\/wp\/v2\/product_tag?post=27470"}],"curies":[{"name":"wp","href":"https:\/\/api.w.org\/{rel}","templated":true}]}}