{"id":26024,"date":"2024-09-23T14:15:37","date_gmt":"2024-09-23T14:15:37","guid":{"rendered":"https:\/\/toxmoto.pt\/pt-PT\/shop\/tox-viper-vr-800e-6-e-qd06\/"},"modified":"2026-04-16T18:28:02","modified_gmt":"2026-04-16T18:28:02","slug":"moto-4-eletrica-crianca-viper-vr-800e","status":"publish","type":"product","link":"https:\/\/toxmoto.pt\/pt-PT\/shop\/moto-4-eletrica-crianca-viper-vr-800e\/","title":{"rendered":"Moto 4 el\u00e9trica crian\u00e7a 36V ! &#8211; VIPER VR 800E (6&#8221;)"},"content":{"rendered":"<p>Tipo de Motor \u2013 800W<br \/>\nBateria &#8211; 36V 12Ah \u00c1CIDO CHUMBO<br \/>\nArranque &#8211; Arranque El\u00e9ctrico<br \/>\nCarregador &#8211; 42.0V-2.0Ah for 36V \u00c1CIDO CHUMBO<br \/>\nVelocidade M\u00e1xima &#8211; 25km\/h<br \/>\nAutonomia &#8211; 18km<br \/>\nPneus frente\/tr\u00e1s &#8211; 4.10-6&#8243; | 13.00&#215;5.0-6&#8243;<br \/>\nTrav\u00f5es frente\/tr\u00e1s &#8211; Disco\/Disco<br \/>\nSuspens\u00e3o frente\/tr\u00e1s &#8211; Amortecedor<br \/>\nCarga M\u00e1xima Suportada &#8211; 60 kgs<br \/>\nDist\u00e2ncia entre eixos &#8211; 690 mm<br \/>\nDist\u00e2ncia m\u00ednima ao solo &#8211; 55mm<br \/>\nAltura do banco &#8211; 450 mm<br \/>\nPeso l\u00edquido &#8211; 47 kgs<\/p>\n","protected":false},"excerpt":{"rendered":"<p>Mini Quad El\u00e9trico VIPER VR 800E<\/p>\n<p>AVISO: Este artigo \u00e9 entregue na sua embalagem original, SEM MONTAGEM, pelo que requer algum conhecimento t\u00e9cnico para a sua correcta montagem e afina\u00e7\u00e3o.<\/p>\n<p>A garantia de 24 meses para defeitos de fabrica\u00e7\u00e3o, n\u00e3o inclui pe\u00e7as de desgaste, nomeadamente, mas n\u00e3o se limitando a: embraiagens, puxadores de arranque manual, pastilhas de trav\u00e3o, correntes, cabos, etc&#8230;. Informa-se ainda que a garantia apenas abrange pe\u00e7as\/componentes isoladamente e n\u00e3o o respectivo artigo na sua totalidade, ou seja, caso seja detectada alguma anomalia, apenas ser\u00e1 enviada a pe\u00e7a para a sua substitui\u00e7\u00e3o, sendo que todos os custos de montagem que possam estar directa ou indirectamente relacionados com a substitui\u00e7\u00e3o da pe\u00e7a an\u00f3mala, ser\u00e3o suportados pelo cliente.<\/p>\n","protected":false},"featured_media":26129,"comment_status":"open","ping_status":"closed","template":"","meta":{"_acf_changed":false},"product_brand":[],"product_cat":[409,412,402],"product_tag":[],"class_list":{"0":"post-26024","1":"product","2":"type-product","3":"status-publish","4":"has-post-thumbnail","6":"product_cat-mini-moto-4","7":"product_cat-mini-motas-eletricas","8":"product_cat-veiculos","10":"first","11":"instock","12":"shipping-taxable","13":"purchasable","14":"product-type-variable"},"acf":[],"_links":{"self":[{"href":"https:\/\/toxmoto.pt\/pt-PT\/wp-json\/wp\/v2\/product\/26024","targetHints":{"allow":["GET"]}}],"collection":[{"href":"https:\/\/toxmoto.pt\/pt-PT\/wp-json\/wp\/v2\/product"}],"about":[{"href":"https:\/\/toxmoto.pt\/pt-PT\/wp-json\/wp\/v2\/types\/product"}],"replies":[{"embeddable":true,"href":"https:\/\/toxmoto.pt\/pt-PT\/wp-json\/wp\/v2\/comments?post=26024"}],"version-history":[{"count":9,"href":"https:\/\/toxmoto.pt\/pt-PT\/wp-json\/wp\/v2\/product\/26024\/revisions"}],"predecessor-version":[{"id":28524,"href":"https:\/\/toxmoto.pt\/pt-PT\/wp-json\/wp\/v2\/product\/26024\/revisions\/28524"}],"wp:featuredmedia":[{"embeddable":true,"href":"https:\/\/toxmoto.pt\/pt-PT\/wp-json\/wp\/v2\/media\/26129"}],"wp:attachment":[{"href":"https:\/\/toxmoto.pt\/pt-PT\/wp-json\/wp\/v2\/media?parent=26024"}],"wp:term":[{"taxonomy":"product_brand","embeddable":true,"href":"https:\/\/toxmoto.pt\/pt-PT\/wp-json\/wp\/v2\/product_brand?post=26024"},{"taxonomy":"product_cat","embeddable":true,"href":"https:\/\/toxmoto.pt\/pt-PT\/wp-json\/wp\/v2\/product_cat?post=26024"},{"taxonomy":"product_tag","embeddable":true,"href":"https:\/\/toxmoto.pt\/pt-PT\/wp-json\/wp\/v2\/product_tag?post=26024"}],"curies":[{"name":"wp","href":"https:\/\/api.w.org\/{rel}","templated":true}]}}