{"id":26020,"date":"2024-09-23T14:15:22","date_gmt":"2024-09-23T14:15:22","guid":{"rendered":"https:\/\/toxmoto.pt\/pt-PT\/shop\/tox-viper-vr-125-8-a125\/"},"modified":"2026-04-16T03:32:20","modified_gmt":"2026-04-16T03:32:20","slug":"tox-viper-vr-125-8-a125","status":"publish","type":"product","link":"https:\/\/toxmoto.pt\/pt-PT\/shop\/tox-viper-vr-125-8-a125\/","title":{"rendered":"TOX: VIPER VR 125 (8&#8221;) (A125)"},"content":{"rendered":"<p>Cilindrada do Motor \u2013 124 cm\u00b3<br \/>\nTipo de Motor &#8211; Mono-cil\u00edndrico, 4T, refrigerado a ar<br \/>\nArranque \u2013 El\u00e9trico<br \/>\nTransmiss\u00e3o \u2013 Por Corrente 3+R<br \/>\nPneus frente\/tr\u00e1s &#8211; 19&#215;7-8&#8243; \/ 18&#215;9.5-8&#8243;<br \/>\nTrav\u00f5es frente\/tr\u00e1s \u2013 Disco hidr\u00e1ulico<br \/>\nSuspens\u00e3o frente\/tr\u00e1s &#8211; Duplo amortecedor\/Mono-amortecedor<br \/>\nDep\u00f3sito de Combust\u00edvel &#8211; 2L<br \/>\nCarga M\u00e1xima Suportada &#8211; 95 kg<br \/>\nDist\u00e2ncia entre eixos &#8211; 960 mm<br \/>\nAltura do banco &#8211; 670 mm<br \/>\nAltura M\u00ednima ao solo &#8211; 130 mm<br \/>\nPeso l\u00edquido &#8211; 105 kg<\/p>\n","protected":false},"excerpt":{"rendered":"<p>Cilindrada do Motor \u2013 124 cm\u00b3 Tipo de Motor &#8211; Mono-cil\u00edndrico, 4T, refrigerado a ar Arranque \u2013 El\u00e9trico Transmiss\u00e3o \u2013 Por Corrente 3+R Pneus frente\/tr\u00e1s &#8211; 19&#215;7-8&#8243; \/ 18&#215;9.5-8&#8243; Trav\u00f5es frente\/tr\u00e1s \u2013 Disco hidr\u00e1ulico Suspens\u00e3o frente\/tr\u00e1s &#8211; Duplo amortecedor\/Mono-amortecedor Dep\u00f3sito de Combust\u00edvel &#8211; 2L Carga M\u00e1xima Suportada &#8211; 95 kg Dist\u00e2ncia entre eixos &#8211; 960 mm Altura do banco &#8211; 670 mm Altura M\u00ednima ao solo &#8211; 130 mm Peso l\u00edquido &#8211; 105 kg<\/p>\n","protected":false},"featured_media":26148,"comment_status":"open","ping_status":"closed","template":"","meta":{"_acf_changed":false},"product_brand":[],"product_cat":[409,402],"product_tag":[],"class_list":{"0":"post-26020","1":"product","2":"type-product","3":"status-publish","4":"has-post-thumbnail","6":"product_cat-mini-moto-4","7":"product_cat-veiculos","9":"first","10":"instock","11":"sale","12":"shipping-taxable","13":"purchasable","14":"product-type-variable"},"acf":[],"_links":{"self":[{"href":"https:\/\/toxmoto.pt\/pt-PT\/wp-json\/wp\/v2\/product\/26020","targetHints":{"allow":["GET"]}}],"collection":[{"href":"https:\/\/toxmoto.pt\/pt-PT\/wp-json\/wp\/v2\/product"}],"about":[{"href":"https:\/\/toxmoto.pt\/pt-PT\/wp-json\/wp\/v2\/types\/product"}],"replies":[{"embeddable":true,"href":"https:\/\/toxmoto.pt\/pt-PT\/wp-json\/wp\/v2\/comments?post=26020"}],"version-history":[{"count":4,"href":"https:\/\/toxmoto.pt\/pt-PT\/wp-json\/wp\/v2\/product\/26020\/revisions"}],"predecessor-version":[{"id":26459,"href":"https:\/\/toxmoto.pt\/pt-PT\/wp-json\/wp\/v2\/product\/26020\/revisions\/26459"}],"wp:featuredmedia":[{"embeddable":true,"href":"https:\/\/toxmoto.pt\/pt-PT\/wp-json\/wp\/v2\/media\/26148"}],"wp:attachment":[{"href":"https:\/\/toxmoto.pt\/pt-PT\/wp-json\/wp\/v2\/media?parent=26020"}],"wp:term":[{"taxonomy":"product_brand","embeddable":true,"href":"https:\/\/toxmoto.pt\/pt-PT\/wp-json\/wp\/v2\/product_brand?post=26020"},{"taxonomy":"product_cat","embeddable":true,"href":"https:\/\/toxmoto.pt\/pt-PT\/wp-json\/wp\/v2\/product_cat?post=26020"},{"taxonomy":"product_tag","embeddable":true,"href":"https:\/\/toxmoto.pt\/pt-PT\/wp-json\/wp\/v2\/product_tag?post=26020"}],"curies":[{"name":"wp","href":"https:\/\/api.w.org\/{rel}","templated":true}]}}