{"id":25413,"date":"2024-04-29T16:42:56","date_gmt":"2024-04-29T16:42:56","guid":{"rendered":"https:\/\/toxmoto.pt\/pt-PT\/shop\/ycf-factory-sp3-190-daytona-2023\/"},"modified":"2026-04-14T22:28:58","modified_gmt":"2026-04-14T22:28:58","slug":"ycf-factory-sp3-190-daytona-2023","status":"publish","type":"product","link":"https:\/\/toxmoto.pt\/pt-PT\/shop\/ycf-factory-sp3-190-daytona-2023\/","title":{"rendered":"YCF: FACTORY SP3 190 DAYTONA"},"content":{"rendered":"<p>YCF: FACTORY SP3 190 DAYTONA<\/p>\n<p>Classe CC &#8211; 187cc<br \/>\nTipo de Motor &#8211; Mono-cil\u00edndrico, 4T<br \/>\nRefrigera\u00e7\u00e3o &#8211; Ar<br \/>\nCilindrada do Motor &#8211; 190 cm\u00b3<br \/>\nArranque &#8211; Kick<br \/>\nTransmiss\u00e3o &#8211; Manual<br \/>\nPneus frente\/tr\u00e1s &#8211; 60\/100-14&#8243; | 80\/100-12&#8243;<br \/>\nTrav\u00f5es frente\/tr\u00e1s &#8211; Disco\/Disco<br \/>\nSuspens\u00e3o frente\/tr\u00e1s &#8211; Forquetas ajust\u00e1vel \/ Mono amortecedor ajust\u00e1vel<br \/>\nDep\u00f3sito de Combust\u00edvel &#8211; 3.8L<br \/>\nComprimento &#8211; 1665 mm<br \/>\nAltura &#8211; 1030 mm<br \/>\nDist\u00e2ncia entre eixos &#8211; 1190 mm<br \/>\nAltura do banco &#8211; 850 mm<br \/>\nAltura M\u00ednima ao solo &#8211; 320 mm<br \/>\nPeso l\u00edquido &#8211; 73 kg<\/p>\n","protected":false},"excerpt":{"rendered":"<p>YCF: FACTORY SP3 190 DAYTONA Classe CC &#8211; 187cc Tipo de Motor &#8211; Mono-cil\u00edndrico, 4T Refrigera\u00e7\u00e3o &#8211; Ar Cilindrada do Motor &#8211; 190 cm\u00b3 Arranque &#8211; Kick Transmiss\u00e3o &#8211; Manual Pneus frente\/tr\u00e1s &#8211; 60\/100-14&#8243; | 80\/100-12&#8243; Trav\u00f5es frente\/tr\u00e1s &#8211; Disco\/Disco Suspens\u00e3o frente\/tr\u00e1s &#8211; Forquetas ajust\u00e1vel \/ Mono amortecedor ajust\u00e1vel Dep\u00f3sito de Combust\u00edvel &#8211; 3.8L Comprimento &#8211; 1665 mm Altura &#8211; 1030 mm Dist\u00e2ncia entre eixos &#8211; 1190 mm Altura do banco &#8211; 850 mm Altura M\u00ednima ao solo &#8211; 320 mm Peso l\u00edquido &#8211; 73 kg<\/p>\n","protected":false},"featured_media":25412,"comment_status":"open","ping_status":"closed","template":"","meta":{"_acf_changed":false},"product_brand":[606],"product_cat":[410],"product_tag":[],"class_list":{"0":"post-25413","1":"product","2":"type-product","3":"status-publish","4":"has-post-thumbnail","6":"product_brand-ycf","7":"product_cat-pitbikes-dirt","9":"first","10":"outofstock","11":"sale","12":"shipping-taxable","13":"purchasable","14":"product-type-simple"},"acf":[],"_links":{"self":[{"href":"https:\/\/toxmoto.pt\/pt-PT\/wp-json\/wp\/v2\/product\/25413","targetHints":{"allow":["GET"]}}],"collection":[{"href":"https:\/\/toxmoto.pt\/pt-PT\/wp-json\/wp\/v2\/product"}],"about":[{"href":"https:\/\/toxmoto.pt\/pt-PT\/wp-json\/wp\/v2\/types\/product"}],"replies":[{"embeddable":true,"href":"https:\/\/toxmoto.pt\/pt-PT\/wp-json\/wp\/v2\/comments?post=25413"}],"version-history":[{"count":4,"href":"https:\/\/toxmoto.pt\/pt-PT\/wp-json\/wp\/v2\/product\/25413\/revisions"}],"predecessor-version":[{"id":26635,"href":"https:\/\/toxmoto.pt\/pt-PT\/wp-json\/wp\/v2\/product\/25413\/revisions\/26635"}],"wp:featuredmedia":[{"embeddable":true,"href":"https:\/\/toxmoto.pt\/pt-PT\/wp-json\/wp\/v2\/media\/25412"}],"wp:attachment":[{"href":"https:\/\/toxmoto.pt\/pt-PT\/wp-json\/wp\/v2\/media?parent=25413"}],"wp:term":[{"taxonomy":"product_brand","embeddable":true,"href":"https:\/\/toxmoto.pt\/pt-PT\/wp-json\/wp\/v2\/product_brand?post=25413"},{"taxonomy":"product_cat","embeddable":true,"href":"https:\/\/toxmoto.pt\/pt-PT\/wp-json\/wp\/v2\/product_cat?post=25413"},{"taxonomy":"product_tag","embeddable":true,"href":"https:\/\/toxmoto.pt\/pt-PT\/wp-json\/wp\/v2\/product_tag?post=25413"}],"curies":[{"name":"wp","href":"https:\/\/api.w.org\/{rel}","templated":true}]}}