{"id":24635,"date":"2023-11-20T12:49:08","date_gmt":"2023-11-20T12:49:08","guid":{"rendered":"https:\/\/toxmoto.pt\/pt-PT\/?post_type=product&#038;p=24635"},"modified":"2023-11-20T12:50:45","modified_gmt":"2023-11-20T12:50:45","slug":"kit-juntas-cabeca-cilindro-o-56mm-pitbike","status":"publish","type":"product","link":"https:\/\/toxmoto.pt\/pt-PT\/shop\/kit-juntas-cabeca-cilindro-o-56mm-pitbike\/","title":{"rendered":"Kit Juntas Cabe\u00e7a + Cilindro (\u00d8 56mm) &#8211; Pitbike"},"content":{"rendered":"<p>Kit Juntas Cabe\u00e7a + Cilindro (\u00d8 56mm) \/ YX140-150 156FMJ &#8211; Pitbike<\/p>\n","protected":false},"excerpt":{"rendered":"<p>Kit Juntas Cabe\u00e7a + Cilindro (\u00d8 56mm) \/ YX140-150 156FMJ &#8211; Pitbike<\/p>\n","protected":false},"featured_media":24636,"comment_status":"open","ping_status":"closed","template":"","meta":{"_acf_changed":false},"product_brand":[],"product_cat":[370],"product_tag":[],"class_list":{"0":"post-24635","1":"product","2":"type-product","3":"status-publish","4":"has-post-thumbnail","6":"product_cat-juntas-retentores-e-o-rings","8":"first","9":"instock","10":"shipping-taxable","11":"purchasable","12":"product-type-simple"},"acf":[],"_links":{"self":[{"href":"https:\/\/toxmoto.pt\/pt-PT\/wp-json\/wp\/v2\/product\/24635","targetHints":{"allow":["GET"]}}],"collection":[{"href":"https:\/\/toxmoto.pt\/pt-PT\/wp-json\/wp\/v2\/product"}],"about":[{"href":"https:\/\/toxmoto.pt\/pt-PT\/wp-json\/wp\/v2\/types\/product"}],"replies":[{"embeddable":true,"href":"https:\/\/toxmoto.pt\/pt-PT\/wp-json\/wp\/v2\/comments?post=24635"}],"version-history":[{"count":1,"href":"https:\/\/toxmoto.pt\/pt-PT\/wp-json\/wp\/v2\/product\/24635\/revisions"}],"predecessor-version":[{"id":24637,"href":"https:\/\/toxmoto.pt\/pt-PT\/wp-json\/wp\/v2\/product\/24635\/revisions\/24637"}],"wp:featuredmedia":[{"embeddable":true,"href":"https:\/\/toxmoto.pt\/pt-PT\/wp-json\/wp\/v2\/media\/24636"}],"wp:attachment":[{"href":"https:\/\/toxmoto.pt\/pt-PT\/wp-json\/wp\/v2\/media?parent=24635"}],"wp:term":[{"taxonomy":"product_brand","embeddable":true,"href":"https:\/\/toxmoto.pt\/pt-PT\/wp-json\/wp\/v2\/product_brand?post=24635"},{"taxonomy":"product_cat","embeddable":true,"href":"https:\/\/toxmoto.pt\/pt-PT\/wp-json\/wp\/v2\/product_cat?post=24635"},{"taxonomy":"product_tag","embeddable":true,"href":"https:\/\/toxmoto.pt\/pt-PT\/wp-json\/wp\/v2\/product_tag?post=24635"}],"curies":[{"name":"wp","href":"https:\/\/api.w.org\/{rel}","templated":true}]}}