{"id":24142,"date":"2023-09-11T13:10:28","date_gmt":"2023-09-11T13:10:28","guid":{"rendered":"https:\/\/toxmoto.pt\/pt-PT\/?post_type=product&#038;p=24142"},"modified":"2024-10-03T09:41:47","modified_gmt":"2024-10-03T09:41:47","slug":"abracadeira-de-direcao-dik-dik","status":"publish","type":"product","link":"https:\/\/toxmoto.pt\/pt-PT\/shop\/abracadeira-de-direcao-dik-dik\/","title":{"rendered":"Abra\u00e7adeira de dire\u00e7ao &#8211; Dik Dik"},"content":{"rendered":"<p>Abra\u00e7adeira de dire\u00e7ao &#8211; Dik Dik<\/p>\n","protected":false},"excerpt":{"rendered":"<p>Abra\u00e7adeira de dire\u00e7ao &#8211; Dik Dik<\/p>\n","protected":false},"featured_media":24143,"comment_status":"open","ping_status":"closed","template":"","meta":{"_acf_changed":false},"product_brand":[],"product_cat":[361,401,246],"product_tag":[],"class_list":{"0":"post-24142","1":"product","2":"type-product","3":"status-publish","4":"has-post-thumbnail","6":"product_cat-guiador-e-controlos","7":"product_cat-guiadores","8":"product_cat-stock-off","10":"first","11":"instock","12":"sale","13":"shipping-taxable","14":"purchasable","15":"product-type-simple"},"acf":[],"_links":{"self":[{"href":"https:\/\/toxmoto.pt\/pt-PT\/wp-json\/wp\/v2\/product\/24142","targetHints":{"allow":["GET"]}}],"collection":[{"href":"https:\/\/toxmoto.pt\/pt-PT\/wp-json\/wp\/v2\/product"}],"about":[{"href":"https:\/\/toxmoto.pt\/pt-PT\/wp-json\/wp\/v2\/types\/product"}],"replies":[{"embeddable":true,"href":"https:\/\/toxmoto.pt\/pt-PT\/wp-json\/wp\/v2\/comments?post=24142"}],"version-history":[{"count":2,"href":"https:\/\/toxmoto.pt\/pt-PT\/wp-json\/wp\/v2\/product\/24142\/revisions"}],"predecessor-version":[{"id":26215,"href":"https:\/\/toxmoto.pt\/pt-PT\/wp-json\/wp\/v2\/product\/24142\/revisions\/26215"}],"wp:featuredmedia":[{"embeddable":true,"href":"https:\/\/toxmoto.pt\/pt-PT\/wp-json\/wp\/v2\/media\/24143"}],"wp:attachment":[{"href":"https:\/\/toxmoto.pt\/pt-PT\/wp-json\/wp\/v2\/media?parent=24142"}],"wp:term":[{"taxonomy":"product_brand","embeddable":true,"href":"https:\/\/toxmoto.pt\/pt-PT\/wp-json\/wp\/v2\/product_brand?post=24142"},{"taxonomy":"product_cat","embeddable":true,"href":"https:\/\/toxmoto.pt\/pt-PT\/wp-json\/wp\/v2\/product_cat?post=24142"},{"taxonomy":"product_tag","embeddable":true,"href":"https:\/\/toxmoto.pt\/pt-PT\/wp-json\/wp\/v2\/product_tag?post=24142"}],"curies":[{"name":"wp","href":"https:\/\/api.w.org\/{rel}","templated":true}]}}