{"id":2322,"date":"2022-08-26T08:52:23","date_gmt":"2022-08-26T08:52:23","guid":{"rendered":"https:\/\/toxmoto.pt\/pt-PT\/?post_type=product&#038;p=2322"},"modified":"2026-04-18T02:25:05","modified_gmt":"2026-04-18T02:25:05","slug":"caixa-transmissao-desmultiplicacao-11t-mini-49","status":"publish","type":"product","link":"https:\/\/toxmoto.pt\/pt-PT\/shop\/caixa-transmissao-desmultiplicacao-11t-mini-49\/","title":{"rendered":"Caixa Transmiss\u00e3o\/Desmultiplica\u00e7\u00e3o 11T mini 49"},"content":{"rendered":"<p>Caixa Transmiss\u00e3o\/Desmultiplica\u00e7\u00e3o 11T mini 49<\/p>\n","protected":false},"excerpt":{"rendered":"<p>Caixa Transmiss\u00e3o\/Desmultiplica\u00e7\u00e3o 11T mini 49<\/p>\n","protected":false},"featured_media":20444,"comment_status":"open","ping_status":"closed","template":"","meta":{"_acf_changed":false},"product_brand":[],"product_cat":[399,351],"product_tag":[],"class_list":{"0":"post-2322","1":"product","2":"type-product","3":"status-publish","4":"has-post-thumbnail","6":"product_cat-caixa-de-velocidades-e-seletor","7":"product_cat-transmissao","9":"first","10":"instock","11":"shipping-taxable","12":"purchasable","13":"product-type-simple"},"acf":[],"_links":{"self":[{"href":"https:\/\/toxmoto.pt\/pt-PT\/wp-json\/wp\/v2\/product\/2322","targetHints":{"allow":["GET"]}}],"collection":[{"href":"https:\/\/toxmoto.pt\/pt-PT\/wp-json\/wp\/v2\/product"}],"about":[{"href":"https:\/\/toxmoto.pt\/pt-PT\/wp-json\/wp\/v2\/types\/product"}],"replies":[{"embeddable":true,"href":"https:\/\/toxmoto.pt\/pt-PT\/wp-json\/wp\/v2\/comments?post=2322"}],"version-history":[{"count":1,"href":"https:\/\/toxmoto.pt\/pt-PT\/wp-json\/wp\/v2\/product\/2322\/revisions"}],"predecessor-version":[{"id":22127,"href":"https:\/\/toxmoto.pt\/pt-PT\/wp-json\/wp\/v2\/product\/2322\/revisions\/22127"}],"wp:featuredmedia":[{"embeddable":true,"href":"https:\/\/toxmoto.pt\/pt-PT\/wp-json\/wp\/v2\/media\/20444"}],"wp:attachment":[{"href":"https:\/\/toxmoto.pt\/pt-PT\/wp-json\/wp\/v2\/media?parent=2322"}],"wp:term":[{"taxonomy":"product_brand","embeddable":true,"href":"https:\/\/toxmoto.pt\/pt-PT\/wp-json\/wp\/v2\/product_brand?post=2322"},{"taxonomy":"product_cat","embeddable":true,"href":"https:\/\/toxmoto.pt\/pt-PT\/wp-json\/wp\/v2\/product_cat?post=2322"},{"taxonomy":"product_tag","embeddable":true,"href":"https:\/\/toxmoto.pt\/pt-PT\/wp-json\/wp\/v2\/product_tag?post=2322"}],"curies":[{"name":"wp","href":"https:\/\/api.w.org\/{rel}","templated":true}]}}