{"id":2283,"date":"2022-08-22T11:11:02","date_gmt":"2022-08-22T11:11:02","guid":{"rendered":"https:\/\/toxmoto.pt\/pt-PT\/?post_type=product&#038;p=2283"},"modified":"2022-10-25T09:59:26","modified_gmt":"2022-10-25T09:59:26","slug":"disco-travao-120-em-flor-minimoto-47cc-49cc","status":"publish","type":"product","link":"https:\/\/toxmoto.pt\/pt-PT\/shop\/disco-travao-120-em-flor-minimoto-47cc-49cc\/","title":{"rendered":"Disco Travao 120 (em Flor) minimoto 47cc-49cc"},"content":{"rendered":"<p>Disco de Trav\u00e3o<\/p>\n<p>Medidas:<\/p>\n<p>Di\u00e2metro total: 120mm<br \/>\n3 Furos<br \/>\nFuro a Furo: 34mm<br \/>\nDi\u00e2metro do Furo: 5mm<\/p>\n","protected":false},"excerpt":{"rendered":"<p>Disco de Trav\u00e3o Medidas: Di\u00e2metro total: 120mm 3 Furos Furo a Furo: 34mm Di\u00e2metro do Furo: 5mm<\/p>\n","protected":false},"featured_media":20426,"comment_status":"open","ping_status":"closed","template":"","meta":{"_acf_changed":false},"product_brand":[],"product_cat":[379,378],"product_tag":[],"class_list":{"0":"post-2283","1":"product","2":"type-product","3":"status-publish","4":"has-post-thumbnail","6":"product_cat-discos-de-travao","7":"product_cat-travoes","9":"first","10":"instock","11":"shipping-taxable","12":"purchasable","13":"product-type-simple"},"acf":[],"_links":{"self":[{"href":"https:\/\/toxmoto.pt\/pt-PT\/wp-json\/wp\/v2\/product\/2283","targetHints":{"allow":["GET"]}}],"collection":[{"href":"https:\/\/toxmoto.pt\/pt-PT\/wp-json\/wp\/v2\/product"}],"about":[{"href":"https:\/\/toxmoto.pt\/pt-PT\/wp-json\/wp\/v2\/types\/product"}],"replies":[{"embeddable":true,"href":"https:\/\/toxmoto.pt\/pt-PT\/wp-json\/wp\/v2\/comments?post=2283"}],"version-history":[{"count":1,"href":"https:\/\/toxmoto.pt\/pt-PT\/wp-json\/wp\/v2\/product\/2283\/revisions"}],"predecessor-version":[{"id":22146,"href":"https:\/\/toxmoto.pt\/pt-PT\/wp-json\/wp\/v2\/product\/2283\/revisions\/22146"}],"wp:featuredmedia":[{"embeddable":true,"href":"https:\/\/toxmoto.pt\/pt-PT\/wp-json\/wp\/v2\/media\/20426"}],"wp:attachment":[{"href":"https:\/\/toxmoto.pt\/pt-PT\/wp-json\/wp\/v2\/media?parent=2283"}],"wp:term":[{"taxonomy":"product_brand","embeddable":true,"href":"https:\/\/toxmoto.pt\/pt-PT\/wp-json\/wp\/v2\/product_brand?post=2283"},{"taxonomy":"product_cat","embeddable":true,"href":"https:\/\/toxmoto.pt\/pt-PT\/wp-json\/wp\/v2\/product_cat?post=2283"},{"taxonomy":"product_tag","embeddable":true,"href":"https:\/\/toxmoto.pt\/pt-PT\/wp-json\/wp\/v2\/product_tag?post=2283"}],"curies":[{"name":"wp","href":"https:\/\/api.w.org\/{rel}","templated":true}]}}