{"id":22775,"date":"2022-11-30T14:11:12","date_gmt":"2022-11-30T14:11:12","guid":{"rendered":"https:\/\/toxmoto.pt\/pt-PT\/?post_type=product&#038;p=22775"},"modified":"2026-03-08T04:24:19","modified_gmt":"2026-03-08T04:24:19","slug":"bateria-12v-12ah","status":"publish","type":"product","link":"https:\/\/toxmoto.pt\/pt-PT\/shop\/bateria-12v-12ah\/","title":{"rendered":"Bateria 12v 12ah (6-DZM-12)"},"content":{"rendered":"<h2>Bateria 12v 12ah<\/h2>\n<p>Esta bateria de 12v 12ah \u00e9 tamb\u00e9m a ref: 6-DZM-12.<br \/>\nA bateria \u00e9 usualmente usada nos moto 4 el\u00e9tricos infantis da TOX RACING, mas tamb\u00e9 noutros ve\u00edculos el\u00e9tricos como trotinetas, etc&#8230;<\/p>\n<p>&nbsp;<\/p>\n","protected":false},"excerpt":{"rendered":"<p>Bateria 12v 12ah Esta bateria de 12v 12ah \u00e9 tamb\u00e9m a ref: 6-DZM-12. A bateria \u00e9 usualmente usada nos moto 4 el\u00e9tricos infantis da TOX RACING, mas tamb\u00e9 noutros ve\u00edculos el\u00e9tricos como trotinetas, etc&#8230; &nbsp;<\/p>\n","protected":false},"featured_media":24372,"comment_status":"open","ping_status":"closed","template":"","meta":{"_acf_changed":false},"product_brand":[],"product_cat":[508,359],"product_tag":[],"class_list":{"0":"post-22775","1":"product","2":"type-product","3":"status-publish","4":"has-post-thumbnail","6":"product_cat-baterias","7":"product_cat-electronica-e-iluminacao","9":"first","10":"outofstock","11":"shipping-taxable","12":"purchasable","13":"product-type-simple"},"acf":[],"_links":{"self":[{"href":"https:\/\/toxmoto.pt\/pt-PT\/wp-json\/wp\/v2\/product\/22775","targetHints":{"allow":["GET"]}}],"collection":[{"href":"https:\/\/toxmoto.pt\/pt-PT\/wp-json\/wp\/v2\/product"}],"about":[{"href":"https:\/\/toxmoto.pt\/pt-PT\/wp-json\/wp\/v2\/types\/product"}],"replies":[{"embeddable":true,"href":"https:\/\/toxmoto.pt\/pt-PT\/wp-json\/wp\/v2\/comments?post=22775"}],"version-history":[{"count":7,"href":"https:\/\/toxmoto.pt\/pt-PT\/wp-json\/wp\/v2\/product\/22775\/revisions"}],"predecessor-version":[{"id":24374,"href":"https:\/\/toxmoto.pt\/pt-PT\/wp-json\/wp\/v2\/product\/22775\/revisions\/24374"}],"wp:featuredmedia":[{"embeddable":true,"href":"https:\/\/toxmoto.pt\/pt-PT\/wp-json\/wp\/v2\/media\/24372"}],"wp:attachment":[{"href":"https:\/\/toxmoto.pt\/pt-PT\/wp-json\/wp\/v2\/media?parent=22775"}],"wp:term":[{"taxonomy":"product_brand","embeddable":true,"href":"https:\/\/toxmoto.pt\/pt-PT\/wp-json\/wp\/v2\/product_brand?post=22775"},{"taxonomy":"product_cat","embeddable":true,"href":"https:\/\/toxmoto.pt\/pt-PT\/wp-json\/wp\/v2\/product_cat?post=22775"},{"taxonomy":"product_tag","embeddable":true,"href":"https:\/\/toxmoto.pt\/pt-PT\/wp-json\/wp\/v2\/product_tag?post=22775"}],"curies":[{"name":"wp","href":"https:\/\/api.w.org\/{rel}","templated":true}]}}