{"id":2270,"date":"2022-08-22T10:12:49","date_gmt":"2022-08-22T10:12:49","guid":{"rendered":"https:\/\/toxmoto.pt\/pt-PT\/?post_type=product&#038;p=2270"},"modified":"2022-09-28T11:58:56","modified_gmt":"2022-09-28T11:58:56","slug":"disco-travao-120mm-dianteiro-traseiro-tipo-1-minimoto","status":"publish","type":"product","link":"https:\/\/toxmoto.pt\/pt-PT\/shop\/disco-travao-120mm-dianteiro-traseiro-tipo-1-minimoto\/","title":{"rendered":"Disco travao 120mm dianteiro\/traseiro tipo 1  minimoto"},"content":{"rendered":"<p>Disco de Trav\u00e3o<\/p>\n<p>Medidas:<\/p>\n<p>Di\u00e2metro total: 120mm<br \/>\nCentro: \u00d826mm<br \/>\n3 Furos<br \/>\nFuro a Furo: 40mm<\/p>\n","protected":false},"excerpt":{"rendered":"<p>Disco de Trav\u00e3o Medidas: Di\u00e2metro total: 120mm Centro: \u00d826mm 3 Furos Furo a Furo: 40mm<\/p>\n","protected":false},"featured_media":20422,"comment_status":"open","ping_status":"closed","template":"","meta":{"_acf_changed":false},"product_brand":[],"product_cat":[379,378],"product_tag":[],"class_list":{"0":"post-2270","1":"product","2":"type-product","3":"status-publish","4":"has-post-thumbnail","6":"product_cat-discos-de-travao","7":"product_cat-travoes","9":"first","10":"instock","11":"shipping-taxable","12":"purchasable","13":"product-type-simple"},"acf":[],"_links":{"self":[{"href":"https:\/\/toxmoto.pt\/pt-PT\/wp-json\/wp\/v2\/product\/2270","targetHints":{"allow":["GET"]}}],"collection":[{"href":"https:\/\/toxmoto.pt\/pt-PT\/wp-json\/wp\/v2\/product"}],"about":[{"href":"https:\/\/toxmoto.pt\/pt-PT\/wp-json\/wp\/v2\/types\/product"}],"replies":[{"embeddable":true,"href":"https:\/\/toxmoto.pt\/pt-PT\/wp-json\/wp\/v2\/comments?post=2270"}],"version-history":[{"count":0,"href":"https:\/\/toxmoto.pt\/pt-PT\/wp-json\/wp\/v2\/product\/2270\/revisions"}],"wp:featuredmedia":[{"embeddable":true,"href":"https:\/\/toxmoto.pt\/pt-PT\/wp-json\/wp\/v2\/media\/20422"}],"wp:attachment":[{"href":"https:\/\/toxmoto.pt\/pt-PT\/wp-json\/wp\/v2\/media?parent=2270"}],"wp:term":[{"taxonomy":"product_brand","embeddable":true,"href":"https:\/\/toxmoto.pt\/pt-PT\/wp-json\/wp\/v2\/product_brand?post=2270"},{"taxonomy":"product_cat","embeddable":true,"href":"https:\/\/toxmoto.pt\/pt-PT\/wp-json\/wp\/v2\/product_cat?post=2270"},{"taxonomy":"product_tag","embeddable":true,"href":"https:\/\/toxmoto.pt\/pt-PT\/wp-json\/wp\/v2\/product_tag?post=2270"}],"curies":[{"name":"wp","href":"https:\/\/api.w.org\/{rel}","templated":true}]}}