{"id":22553,"date":"2022-11-10T09:23:07","date_gmt":"2022-11-10T09:23:07","guid":{"rendered":"https:\/\/toxmoto.pt\/pt-PT\/?post_type=product&#038;p=22553"},"modified":"2026-01-20T10:43:48","modified_gmt":"2026-01-20T10:43:48","slug":"motor-pit-bike-125-economico","status":"publish","type":"product","link":"https:\/\/toxmoto.pt\/pt-PT\/shop\/motor-pit-bike-125-economico\/","title":{"rendered":"Motor Pit bike 125 4t"},"content":{"rendered":"<p>MOTOR Pit bike 125cc a 4 tempos<\/p>\n<p><span style=\"letter-spacing: 0px;\">Arranque manual por pedal (KICK START)<br \/>\n2 V\u00e1lvulas<br \/>\nCaixa de 4 Velocidades<br \/>\n<\/span>Inclui falange de admiss\u00e3o<br \/>\nInclui parte el\u00e9trica interna de motor, magn\u00e9tico + volante magn\u00e9tico<br \/>\nn\u00e3o inlcui CDI, nem bobine de vela.<\/p>\n<p>Compat\u00edvel com todas as pitbikes no mercado: Tox Racing, YCF Riding, Pitshop, Atomic, Malcor, IMR, Pitstore223, &#8230;<\/p>\n<p>Di\u00e2metro * Curso: 52.4mm X 49.5mm<br \/>\nR\u00e1cio Compress\u00e3o: 9.0: 1<br \/>\nTransmiss\u00e3o: Manual com 4 vel.<br \/>\nMax Pot\u00eancia: 6.5kw\/7500rpm (cerca de 10cv)<br \/>\nTorque Max: 8.5N.m\/5000rpm<\/p>\n","protected":false},"excerpt":{"rendered":"<p>MOTOR Pit bike 125cc a 4 tempos<\/p>\n<p><span style=\"letter-spacing: 0px;\">Arranque manual por pedal (KICK START)<br \/>\n2 V\u00e1lvulas<br \/>\nCaixa de 4 Velocidades<br \/>\n<\/span>Inclui falange de admiss\u00e3o<br \/>\nInclui parte el\u00e9trica interna de motor, magn\u00e9tico + volante magn\u00e9tico<br \/>\nn\u00e3o inlcui CDI, nem bobine de vela.<\/p>\n<p>Compat\u00edvel com todas as pitbikes no mercado: Tox Racing, YCF Riding, Pitshop, Atomic, Malcor, IMR, Pitstore223, &#8230;<\/p>\n<p>Di\u00e2metro * Curso: 52.4mm X 49.5mm<br \/>\nR\u00e1cio Compress\u00e3o: 9.0: 1<br \/>\nTransmiss\u00e3o: Manual com 4 vel.<br \/>\nMax Pot\u00eancia: 6.5kw\/7500rpm (cerca de 10cv)<br \/>\nTorque Max: 8.5N.m\/5000rpm<\/p>\n","protected":false},"featured_media":22555,"comment_status":"open","ping_status":"closed","template":"","meta":{"_acf_changed":false},"product_brand":[],"product_cat":[354,373],"product_tag":[616,617],"class_list":{"0":"post-22553","1":"product","2":"type-product","3":"status-publish","4":"has-post-thumbnail","6":"product_cat-motor-e-filtros","7":"product_cat-motores-completos","8":"product_tag-motor-125cc-4tempos-4vel","9":"product_tag-motores-para-pitbike","11":"first","12":"instock","13":"shipping-taxable","14":"purchasable","15":"product-type-simple"},"acf":[],"_links":{"self":[{"href":"https:\/\/toxmoto.pt\/pt-PT\/wp-json\/wp\/v2\/product\/22553","targetHints":{"allow":["GET"]}}],"collection":[{"href":"https:\/\/toxmoto.pt\/pt-PT\/wp-json\/wp\/v2\/product"}],"about":[{"href":"https:\/\/toxmoto.pt\/pt-PT\/wp-json\/wp\/v2\/types\/product"}],"replies":[{"embeddable":true,"href":"https:\/\/toxmoto.pt\/pt-PT\/wp-json\/wp\/v2\/comments?post=22553"}],"version-history":[{"count":6,"href":"https:\/\/toxmoto.pt\/pt-PT\/wp-json\/wp\/v2\/product\/22553\/revisions"}],"predecessor-version":[{"id":24233,"href":"https:\/\/toxmoto.pt\/pt-PT\/wp-json\/wp\/v2\/product\/22553\/revisions\/24233"}],"wp:featuredmedia":[{"embeddable":true,"href":"https:\/\/toxmoto.pt\/pt-PT\/wp-json\/wp\/v2\/media\/22555"}],"wp:attachment":[{"href":"https:\/\/toxmoto.pt\/pt-PT\/wp-json\/wp\/v2\/media?parent=22553"}],"wp:term":[{"taxonomy":"product_brand","embeddable":true,"href":"https:\/\/toxmoto.pt\/pt-PT\/wp-json\/wp\/v2\/product_brand?post=22553"},{"taxonomy":"product_cat","embeddable":true,"href":"https:\/\/toxmoto.pt\/pt-PT\/wp-json\/wp\/v2\/product_cat?post=22553"},{"taxonomy":"product_tag","embeddable":true,"href":"https:\/\/toxmoto.pt\/pt-PT\/wp-json\/wp\/v2\/product_tag?post=22553"}],"curies":[{"name":"wp","href":"https:\/\/api.w.org\/{rel}","templated":true}]}}