{"id":2162,"date":"2022-08-19T08:23:06","date_gmt":"2022-08-19T08:23:06","guid":{"rendered":"https:\/\/toxmoto.pt\/pt-PT\/?post_type=product&#038;p=2162"},"modified":"2024-11-18T11:17:26","modified_gmt":"2024-11-18T11:17:26","slug":"ponteira-de-escape-28mm-tox-speedbird-110-125-atv-pitbike","status":"publish","type":"product","link":"https:\/\/toxmoto.pt\/pt-PT\/shop\/ponteira-de-escape-28mm-tox-speedbird-110-125-atv-pitbike\/","title":{"rendered":"Ponteira de Escape Moto Universal (28mm) 4 Tempos"},"content":{"rendered":"<p>Ponteira de Escape Moto Universal (28mm) 4 Tempos; Esta ponteira \u00e9 entregue juntamente com uma abara\u00e7adeira de fixa\u00e7\u00e3o conforme est\u00e1 apresentado na imagem. Pode ser usada como uma ponteira escape de moto universal, mas equipa de s\u00e9rie os modelos SPEED BIRD da TOX RACING, bem como equipa muitas pit bike.<\/p>\n","protected":false},"excerpt":{"rendered":"<p>Ponteira de Escape Moto Universal (28mm) 4 Tempos; Esta ponteira \u00e9 entregue juntamente com uma abra\u00e7adeira de fixa\u00e7\u00e3o conforme est\u00e1 apresentado na imagem. Pode ser usada como uma ponteira escape de moto universal, mas equipa de s\u00e9rie os modelos SPEED BIRD da TOX RACING, bem como equipa muitas pit bike.<\/p>\n","protected":false},"featured_media":20397,"comment_status":"open","ping_status":"closed","template":"","meta":{"_acf_changed":false},"product_brand":[],"product_cat":[392,393],"product_tag":[],"class_list":{"0":"post-2162","1":"product","2":"type-product","3":"status-publish","4":"has-post-thumbnail","6":"product_cat-escape","7":"product_cat-escapes-e-ponteiras","9":"first","10":"instock","11":"shipping-taxable","12":"purchasable","13":"product-type-simple"},"acf":[],"_links":{"self":[{"href":"https:\/\/toxmoto.pt\/pt-PT\/wp-json\/wp\/v2\/product\/2162","targetHints":{"allow":["GET"]}}],"collection":[{"href":"https:\/\/toxmoto.pt\/pt-PT\/wp-json\/wp\/v2\/product"}],"about":[{"href":"https:\/\/toxmoto.pt\/pt-PT\/wp-json\/wp\/v2\/types\/product"}],"replies":[{"embeddable":true,"href":"https:\/\/toxmoto.pt\/pt-PT\/wp-json\/wp\/v2\/comments?post=2162"}],"version-history":[{"count":3,"href":"https:\/\/toxmoto.pt\/pt-PT\/wp-json\/wp\/v2\/product\/2162\/revisions"}],"predecessor-version":[{"id":24465,"href":"https:\/\/toxmoto.pt\/pt-PT\/wp-json\/wp\/v2\/product\/2162\/revisions\/24465"}],"wp:featuredmedia":[{"embeddable":true,"href":"https:\/\/toxmoto.pt\/pt-PT\/wp-json\/wp\/v2\/media\/20397"}],"wp:attachment":[{"href":"https:\/\/toxmoto.pt\/pt-PT\/wp-json\/wp\/v2\/media?parent=2162"}],"wp:term":[{"taxonomy":"product_brand","embeddable":true,"href":"https:\/\/toxmoto.pt\/pt-PT\/wp-json\/wp\/v2\/product_brand?post=2162"},{"taxonomy":"product_cat","embeddable":true,"href":"https:\/\/toxmoto.pt\/pt-PT\/wp-json\/wp\/v2\/product_cat?post=2162"},{"taxonomy":"product_tag","embeddable":true,"href":"https:\/\/toxmoto.pt\/pt-PT\/wp-json\/wp\/v2\/product_tag?post=2162"}],"curies":[{"name":"wp","href":"https:\/\/api.w.org\/{rel}","templated":true}]}}