{"id":21242,"date":"2022-09-29T14:47:21","date_gmt":"2022-09-29T14:47:21","guid":{"rendered":"https:\/\/toxmoto.pt\/pt-PT\/?post_type=product&#038;p=21242"},"modified":"2023-11-29T09:55:23","modified_gmt":"2023-11-29T09:55:23","slug":"oculos-lente-espelhada-tox-racing-adulto","status":"publish","type":"product","link":"https:\/\/toxmoto.pt\/pt-PT\/shop\/oculos-lente-espelhada-tox-racing-adulto\/","title":{"rendered":"\u00d3culos Lente Espelhada TOX RACING (Adulto)"},"content":{"rendered":"<p>Os \u00f3culos de motocross da TOX s\u00e3o a escolha ideal para aqueles que procuram um produto de qualidade para esta pr\u00e1tica desportiva. Com uma estrutura flex\u00edvel e resistente, estes \u00f3culos oferecem uma prote\u00e7\u00e3o excelente contra impactos e riscos.<\/p>\n<p>Gra\u00e7as \u00e0\u00a0<u>espuma de tripla camada<\/u>\u00a0e \u00e0\u00a0<u>correia de silicone ajust\u00e1vel<\/u>, garantem um ajuste perfeito e um conforto m\u00e1ximo. Al\u00e9m disso, o\u00a0<u>tratamento anti-embaciamento<\/u>\u00a0e\u00a0<u>anti-riscos<\/u>\u00a0mant\u00e9m a lente livre de humidade e evita a forma\u00e7\u00e3o de condensa\u00e7\u00e3o.<\/p>\n","protected":false},"excerpt":{"rendered":"<p>Os \u00f3culos de motocross da TOX s\u00e3o a escolha ideal para aqueles que procuram um produto de qualidade para esta pr\u00e1tica desportiva. Com uma estrutura flex\u00edvel e resistente, estes \u00f3culos oferecem uma prote\u00e7\u00e3o excelente contra impactos e riscos.<\/p>\n<p>Gra\u00e7as \u00e0\u00a0<u>espuma de tripla camada<\/u>\u00a0e \u00e0\u00a0<u>correia de silicone ajust\u00e1vel<\/u>, garantem um ajuste perfeito e um conforto m\u00e1ximo. Al\u00e9m disso, o\u00a0<u>tratamento anti-embaciamento<\/u>\u00a0e\u00a0<u>anti-riscos<\/u>\u00a0mant\u00e9m a lente livre de humidade e evita a forma\u00e7\u00e3o de condensa\u00e7\u00e3o.<\/p>\n","protected":false},"featured_media":21256,"comment_status":"open","ping_status":"closed","template":"","meta":{"_acf_changed":false},"product_brand":[416],"product_cat":[407],"product_tag":[],"class_list":{"0":"post-21242","1":"product","2":"type-product","3":"status-publish","4":"has-post-thumbnail","6":"product_brand-tox-racing","7":"product_cat-capacetes-e-oculos","9":"first","10":"instock","11":"shipping-taxable","12":"purchasable","13":"product-type-variable"},"acf":[],"_links":{"self":[{"href":"https:\/\/toxmoto.pt\/pt-PT\/wp-json\/wp\/v2\/product\/21242","targetHints":{"allow":["GET"]}}],"collection":[{"href":"https:\/\/toxmoto.pt\/pt-PT\/wp-json\/wp\/v2\/product"}],"about":[{"href":"https:\/\/toxmoto.pt\/pt-PT\/wp-json\/wp\/v2\/types\/product"}],"replies":[{"embeddable":true,"href":"https:\/\/toxmoto.pt\/pt-PT\/wp-json\/wp\/v2\/comments?post=21242"}],"version-history":[{"count":2,"href":"https:\/\/toxmoto.pt\/pt-PT\/wp-json\/wp\/v2\/product\/21242\/revisions"}],"predecessor-version":[{"id":24703,"href":"https:\/\/toxmoto.pt\/pt-PT\/wp-json\/wp\/v2\/product\/21242\/revisions\/24703"}],"wp:featuredmedia":[{"embeddable":true,"href":"https:\/\/toxmoto.pt\/pt-PT\/wp-json\/wp\/v2\/media\/21256"}],"wp:attachment":[{"href":"https:\/\/toxmoto.pt\/pt-PT\/wp-json\/wp\/v2\/media?parent=21242"}],"wp:term":[{"taxonomy":"product_brand","embeddable":true,"href":"https:\/\/toxmoto.pt\/pt-PT\/wp-json\/wp\/v2\/product_brand?post=21242"},{"taxonomy":"product_cat","embeddable":true,"href":"https:\/\/toxmoto.pt\/pt-PT\/wp-json\/wp\/v2\/product_cat?post=21242"},{"taxonomy":"product_tag","embeddable":true,"href":"https:\/\/toxmoto.pt\/pt-PT\/wp-json\/wp\/v2\/product_tag?post=21242"}],"curies":[{"name":"wp","href":"https:\/\/api.w.org\/{rel}","templated":true}]}}