{"id":2097,"date":"2022-08-17T16:16:14","date_gmt":"2022-08-17T16:16:14","guid":{"rendered":"https:\/\/toxmoto.pt\/pt-PT\/?post_type=product&#038;p=2097"},"modified":"2023-10-13T15:55:21","modified_gmt":"2023-10-13T15:55:21","slug":"camara-de-ar-o-14-frt-reforcada-4mm-pitbike","status":"publish","type":"product","link":"https:\/\/toxmoto.pt\/pt-PT\/shop\/camara-de-ar-o-14-frt-reforcada-4mm-pitbike\/","title":{"rendered":"Camara de Ar aro 14 frente (REFOR\u00c7ADA 4mm) para PITBIKE"},"content":{"rendered":"<p>Camara de Ar (\u00d8 14&#8243; FRT), REFOR\u00c7ADA &#8211; 4mm \/ Pitbike<\/p>\n","protected":false},"excerpt":{"rendered":"<p>Camara de Ar (\u00d8 14&#8243; FRT), REFOR\u00c7ADA &#8211; 4mm \/ Pitbike<\/p>\n","protected":false},"featured_media":20368,"comment_status":"open","ping_status":"closed","template":"","meta":{"_acf_changed":false},"product_brand":[],"product_cat":[376],"product_tag":[],"class_list":{"0":"post-2097","1":"product","2":"type-product","3":"status-publish","4":"has-post-thumbnail","6":"product_cat-pneus-e-camaras-de-ar","8":"first","9":"instock","10":"shipping-taxable","11":"purchasable","12":"product-type-simple"},"acf":[],"_links":{"self":[{"href":"https:\/\/toxmoto.pt\/pt-PT\/wp-json\/wp\/v2\/product\/2097","targetHints":{"allow":["GET"]}}],"collection":[{"href":"https:\/\/toxmoto.pt\/pt-PT\/wp-json\/wp\/v2\/product"}],"about":[{"href":"https:\/\/toxmoto.pt\/pt-PT\/wp-json\/wp\/v2\/types\/product"}],"replies":[{"embeddable":true,"href":"https:\/\/toxmoto.pt\/pt-PT\/wp-json\/wp\/v2\/comments?post=2097"}],"version-history":[{"count":2,"href":"https:\/\/toxmoto.pt\/pt-PT\/wp-json\/wp\/v2\/product\/2097\/revisions"}],"predecessor-version":[{"id":24402,"href":"https:\/\/toxmoto.pt\/pt-PT\/wp-json\/wp\/v2\/product\/2097\/revisions\/24402"}],"wp:featuredmedia":[{"embeddable":true,"href":"https:\/\/toxmoto.pt\/pt-PT\/wp-json\/wp\/v2\/media\/20368"}],"wp:attachment":[{"href":"https:\/\/toxmoto.pt\/pt-PT\/wp-json\/wp\/v2\/media?parent=2097"}],"wp:term":[{"taxonomy":"product_brand","embeddable":true,"href":"https:\/\/toxmoto.pt\/pt-PT\/wp-json\/wp\/v2\/product_brand?post=2097"},{"taxonomy":"product_cat","embeddable":true,"href":"https:\/\/toxmoto.pt\/pt-PT\/wp-json\/wp\/v2\/product_cat?post=2097"},{"taxonomy":"product_tag","embeddable":true,"href":"https:\/\/toxmoto.pt\/pt-PT\/wp-json\/wp\/v2\/product_tag?post=2097"}],"curies":[{"name":"wp","href":"https:\/\/api.w.org\/{rel}","templated":true}]}}