{"id":2025,"date":"2022-08-16T14:52:12","date_gmt":"2022-08-16T14:52:12","guid":{"rendered":"https:\/\/toxmoto.pt\/pt-PT\/?post_type=product&#038;p=2025"},"modified":"2025-08-05T13:56:51","modified_gmt":"2025-08-05T13:56:51","slug":"kit-manetes-dobraveis-travao-embraiagem-pitbike","status":"publish","type":"product","link":"https:\/\/toxmoto.pt\/pt-PT\/shop\/kit-manetes-dobraveis-travao-embraiagem-pitbike\/","title":{"rendered":"KIT Manetes Dobr\u00e1veis Inquebr\u00e1veis PITBIKE UNIVERSAL"},"content":{"rendered":"<p>Kit &#8211; Manetes dobr\u00e1veis Trav\u00e3o + Embraiagem<\/p>\n<p>MANETES REVERSIVEIS<\/p>\n<p>Conjunto composto por 1 manete trav\u00e3o e 1 manete embraiagem<\/p>\n<p>Em aluminio cinza e cepo preto<\/p>\n<p>Kit universal para qualquer moto ou pitbike<\/p>\n","protected":false},"excerpt":{"rendered":"<p>Kit &#8211; Manetes dobr\u00e1veis Trav\u00e3o + Embraiagem MANETES REVERSIVEIS Conjunto composto por 1 manete trav\u00e3o e 1 manete embraiagem Em aluminio cinza e cepo preto Kit universal para qualquer moto ou pitbike<\/p>\n","protected":false},"featured_media":20345,"comment_status":"open","ping_status":"closed","template":"","meta":{"_acf_changed":false},"product_brand":[],"product_cat":[361,381,382],"product_tag":[],"class_list":{"0":"post-2025","1":"product","2":"type-product","3":"status-publish","4":"has-post-thumbnail","6":"product_cat-guiador-e-controlos","7":"product_cat-manetes-de-embraiagem","8":"product_cat-manetes-de-travao","10":"first","11":"outofstock","12":"shipping-taxable","13":"purchasable","14":"product-type-simple"},"acf":[],"_links":{"self":[{"href":"https:\/\/toxmoto.pt\/pt-PT\/wp-json\/wp\/v2\/product\/2025","targetHints":{"allow":["GET"]}}],"collection":[{"href":"https:\/\/toxmoto.pt\/pt-PT\/wp-json\/wp\/v2\/product"}],"about":[{"href":"https:\/\/toxmoto.pt\/pt-PT\/wp-json\/wp\/v2\/types\/product"}],"replies":[{"embeddable":true,"href":"https:\/\/toxmoto.pt\/pt-PT\/wp-json\/wp\/v2\/comments?post=2025"}],"version-history":[{"count":4,"href":"https:\/\/toxmoto.pt\/pt-PT\/wp-json\/wp\/v2\/product\/2025\/revisions"}],"predecessor-version":[{"id":25965,"href":"https:\/\/toxmoto.pt\/pt-PT\/wp-json\/wp\/v2\/product\/2025\/revisions\/25965"}],"wp:featuredmedia":[{"embeddable":true,"href":"https:\/\/toxmoto.pt\/pt-PT\/wp-json\/wp\/v2\/media\/20345"}],"wp:attachment":[{"href":"https:\/\/toxmoto.pt\/pt-PT\/wp-json\/wp\/v2\/media?parent=2025"}],"wp:term":[{"taxonomy":"product_brand","embeddable":true,"href":"https:\/\/toxmoto.pt\/pt-PT\/wp-json\/wp\/v2\/product_brand?post=2025"},{"taxonomy":"product_cat","embeddable":true,"href":"https:\/\/toxmoto.pt\/pt-PT\/wp-json\/wp\/v2\/product_cat?post=2025"},{"taxonomy":"product_tag","embeddable":true,"href":"https:\/\/toxmoto.pt\/pt-PT\/wp-json\/wp\/v2\/product_tag?post=2025"}],"curies":[{"name":"wp","href":"https:\/\/api.w.org\/{rel}","templated":true}]}}