{"id":1425,"date":"2022-07-22T14:28:24","date_gmt":"2022-07-22T14:28:24","guid":{"rendered":"https:\/\/toxmoto.pt\/pt-PT\/?post_type=product&#038;p=1425"},"modified":"2023-10-19T13:09:36","modified_gmt":"2023-10-19T13:09:36","slug":"vela-l7t-mini-moto","status":"publish","type":"product","link":"https:\/\/toxmoto.pt\/pt-PT\/shop\/vela-l7t-mini-moto\/","title":{"rendered":"Vela L7T NGK\u00ae"},"content":{"rendered":"<p><strong>Vela de igni\u00e7\u00e3o L7T NGK<\/strong> para mini motos e moto 4 de crian\u00e7a a 2 tempos, bicicletas a motor, e ro\u00e7adoras.<br \/>\nRefer\u00eancia alternativa: BM6A<\/p>\n","protected":false},"excerpt":{"rendered":"<p>Vela de igni\u00e7\u00e3o L7T NGK para mini motos e moto 4 de crian\u00e7a a 2 tempos, bicicletas a motor, e ro\u00e7adoras.<br \/>\nRefer\u00eancia alternativa: BM6A<\/p>\n","protected":false},"featured_media":20300,"comment_status":"open","ping_status":"closed","template":"","meta":{"_acf_changed":false},"product_brand":[465],"product_cat":[359,363],"product_tag":[367],"class_list":{"0":"post-1425","1":"product","2":"type-product","3":"status-publish","4":"has-post-thumbnail","6":"product_brand-ngk","7":"product_cat-electronica-e-iluminacao","8":"product_cat-velas-e-bobines-de-vela","9":"product_tag-ngk","11":"first","12":"instock","13":"shipping-taxable","14":"purchasable","15":"product-type-simple"},"acf":[],"_links":{"self":[{"href":"https:\/\/toxmoto.pt\/pt-PT\/wp-json\/wp\/v2\/product\/1425","targetHints":{"allow":["GET"]}}],"collection":[{"href":"https:\/\/toxmoto.pt\/pt-PT\/wp-json\/wp\/v2\/product"}],"about":[{"href":"https:\/\/toxmoto.pt\/pt-PT\/wp-json\/wp\/v2\/types\/product"}],"replies":[{"embeddable":true,"href":"https:\/\/toxmoto.pt\/pt-PT\/wp-json\/wp\/v2\/comments?post=1425"}],"version-history":[{"count":4,"href":"https:\/\/toxmoto.pt\/pt-PT\/wp-json\/wp\/v2\/product\/1425\/revisions"}],"predecessor-version":[{"id":24453,"href":"https:\/\/toxmoto.pt\/pt-PT\/wp-json\/wp\/v2\/product\/1425\/revisions\/24453"}],"wp:featuredmedia":[{"embeddable":true,"href":"https:\/\/toxmoto.pt\/pt-PT\/wp-json\/wp\/v2\/media\/20300"}],"wp:attachment":[{"href":"https:\/\/toxmoto.pt\/pt-PT\/wp-json\/wp\/v2\/media?parent=1425"}],"wp:term":[{"taxonomy":"product_brand","embeddable":true,"href":"https:\/\/toxmoto.pt\/pt-PT\/wp-json\/wp\/v2\/product_brand?post=1425"},{"taxonomy":"product_cat","embeddable":true,"href":"https:\/\/toxmoto.pt\/pt-PT\/wp-json\/wp\/v2\/product_cat?post=1425"},{"taxonomy":"product_tag","embeddable":true,"href":"https:\/\/toxmoto.pt\/pt-PT\/wp-json\/wp\/v2\/product_tag?post=1425"}],"curies":[{"name":"wp","href":"https:\/\/api.w.org\/{rel}","templated":true}]}}