{"id":338,"date":"2021-11-26T09:41:38","date_gmt":"2021-11-26T09:41:38","guid":{"rendered":"https:\/\/toxmoto.pt\/pt-PT\/contact-v1\/"},"modified":"2024-04-18T09:05:30","modified_gmt":"2024-04-18T09:05:30","slug":"apoio-ao-cliente","status":"publish","type":"page","link":"https:\/\/toxmoto.pt\/pt-PT\/apoio-ao-cliente\/","title":{"rendered":"Apoio ao Cliente"},"content":{"rendered":"\t\t<div data-elementor-type=\"wp-page\" data-elementor-id=\"338\" class=\"elementor elementor-338\">\n\t\t\t\t\t\t<section class=\"elementor-section elementor-top-section elementor-element elementor-element-ce056b7 elementor-section-boxed elementor-section-gap-beside-yes elementor-section-height-default elementor-section-height-default elementor-section-column-vertical-align-stretch\" data-id=\"ce056b7\" data-element_type=\"section\" data-e-type=\"section\">\n\t\t\t\t\t\t<div class=\"elementor-container elementor-column-gap-extended\">\n\t\t\t\t\t<div class=\"elementor-column elementor-col-66 elementor-top-column elementor-element elementor-element-038de5c\" data-id=\"038de5c\" data-element_type=\"column\" data-e-type=\"column\">\n\t\t\t<div class=\"elementor-widget-wrap elementor-element-populated\">\n\t\t\t\t\t\t<div class=\"elementor-element elementor-element-93351a6 elementor-widget elementor-widget-tm-heading\" data-id=\"93351a6\" data-element_type=\"widget\" data-e-type=\"widget\" data-widget_type=\"tm-heading.default\">\n\t\t\t\t<div class=\"elementor-widget-container\">\n\t\t\t\t\t\t\t<div class=\"tm-modern-heading tm-modern-heading--style-03 tm-modern-heading--highlight-style-01\">\n\t\t\t\n\t\t\t\t\t<div class=\"heading-primary-wrap\">\n\t\t\t<h2 class=\"heading-primary elementor-heading-title\">Gostariamos de ouvir o que tem para nos dizer.<\/h2>\t\t<\/div>\n\t\t\n\t\t\t\n\t\t\t\t\t<div class=\"heading-description-wrap\">\n\t\t\t<div class=\"heading-description\">\n\t\t\t\t<p>Se tem d\u00favidas ou esclarecimentos sobre os nossos produtos, n\u00e3o hesite em nos contactar.<\/p>\t\t\t<\/div>\n\t\t<\/div>\n\t\t\t\t<\/div>\n\t\t\t\t\t\t<\/div>\n\t\t\t\t<\/div>\n\t\t\t\t<div class=\"elementor-element elementor-element-b7f1a70 minimog-wpforms-newsletter--yes minimog-wpforms-style-00 minimog-wpforms-dark elementor-widget elementor-widget-wpforms\" data-id=\"b7f1a70\" data-element_type=\"widget\" data-e-type=\"widget\" data-widget_type=\"wpforms.default\">\n\t\t\t\t<div class=\"elementor-widget-container\">\n\t\t\t\t\t<div class=\"wpforms-container minimog-wpforms\" id=\"wpforms-351\"><form id=\"wpforms-form-351\" class=\"wpforms-validate wpforms-form wpforms-ajax-form\" data-formid=\"351\" method=\"post\" enctype=\"multipart\/form-data\" action=\"\/pt-PT\/wp-json\/wp\/v2\/pages\/338\" data-token=\"1d321fe932c2562c1205f8e448ebc67c\" data-token-time=\"1775874713\"><noscript class=\"wpforms-error-noscript\">Please enable JavaScript in your browser to complete this form.<\/noscript><div class=\"wpforms-field-container\">\t\t<div class=\"newsletter-icon\"><i class=\"far fa-envelope\"><\/i><\/div>\n\t\t<div id=\"wpforms-351-field_0-container\" class=\"wpforms-field wpforms-field-name wpforms-one-half wpforms-first\" data-field-id=\"0\"><label class=\"wpforms-field-label wpforms-label-hide\" for=\"wpforms-351-field_0\">Nome <span class=\"wpforms-required-label\">*<\/span><\/label><input type=\"text\" id=\"wpforms-351-field_0\" class=\"wpforms-field-large wpforms-field-required\" name=\"wpforms[fields][0]\" placeholder=\"O seu nome*\" required><\/div><div id=\"wpforms-351-field_1-container\" class=\"wpforms-field wpforms-field-email wpforms-one-half\" data-field-id=\"1\"><label class=\"wpforms-field-label wpforms-label-hide\" for=\"wpforms-351-field_1\">Email <span class=\"wpforms-required-label\">*<\/span><\/label><input type=\"email\" id=\"wpforms-351-field_1\" class=\"wpforms-field-large wpforms-field-required\" name=\"wpforms[fields][1]\" placeholder=\"O seu Email*\" spellcheck=\"false\" required><\/div><div id=\"wpforms-351-field_2-container\" class=\"wpforms-field wpforms-field-textarea\" data-field-id=\"2\"><label class=\"wpforms-field-label wpforms-label-hide\" for=\"wpforms-351-field_2\">Coment\u00e1rio ou mensagem <span class=\"wpforms-required-label\">*<\/span><\/label><textarea id=\"wpforms-351-field_2\" class=\"wpforms-field-medium wpforms-field-required\" name=\"wpforms[fields][2]\" placeholder=\"Coment\u00e1rio\" required><\/textarea><\/div><\/div><!-- .wpforms-field-container --><div class=\"wpforms-submit-container\" ><input type=\"hidden\" name=\"wpforms[id]\" value=\"351\"><input type=\"hidden\" name=\"page_title\" value=\"\"><input type=\"hidden\" name=\"page_url\" value=\"https:\/\/toxmoto.pt\/pt-PT\/wp-json\/wp\/v2\/pages\/338\"><input type=\"hidden\" name=\"url_referer\" value=\"\"><button type=\"submit\" name=\"wpforms[submit]\" id=\"wpforms-submit-351\" class=\"wpforms-submit\" aria-live=\"assertive\" value=\"wpforms-submit\">Enviar<\/button><img decoding=\"async\" src=\"https:\/\/toxmoto.pt\/pt-PT\/wp-content\/plugins\/wpforms-lite\/assets\/images\/submit-spin.svg\" class=\"wpforms-submit-spinner\" style=\"display: none;\" width=\"26\" height=\"26\" alt=\"Loading\"><\/div><\/form><\/div>  <!-- .wpforms-container -->\t\t\t\t<\/div>\n\t\t\t\t<\/div>\n\t\t\t\t\t<\/div>\n\t\t<\/div>\n\t\t\t\t<div class=\"elementor-column elementor-col-33 elementor-top-column elementor-element elementor-element-a623c4d\" data-id=\"a623c4d\" data-element_type=\"column\" data-e-type=\"column\">\n\t\t\t<div class=\"elementor-widget-wrap elementor-element-populated\">\n\t\t\t\t\t\t<div class=\"elementor-element elementor-element-76a01bd elementor-widget elementor-widget-tm-heading\" data-id=\"76a01bd\" data-element_type=\"widget\" data-e-type=\"widget\" data-widget_type=\"tm-heading.default\">\n\t\t\t\t<div class=\"elementor-widget-container\">\n\t\t\t\t\t\t\t<div class=\"tm-modern-heading tm-modern-heading--style-03 tm-modern-heading--highlight-style-01\">\n\t\t\t\n\t\t\t\t\t<div class=\"heading-primary-wrap\">\n\t\t\t<h2 class=\"heading-primary elementor-heading-title\">Onde estamos<\/h2>\t\t<\/div>\n\t\t\n\t\t\t\n\t\t\t\t\t<\/div>\n\t\t\t\t\t\t<\/div>\n\t\t\t\t<\/div>\n\t\t\t\t<div class=\"elementor-element elementor-element-8fc4562 elementor-widget elementor-widget-tm-simple-link\" data-id=\"8fc4562\" data-element_type=\"widget\" data-e-type=\"widget\" data-widget_type=\"tm-simple-link.default\">\n\t\t\t\t<div class=\"elementor-widget-container\">\n\t\t\t\t\t\t\t<div class=\"tm-simple-link tm-simple-link--bottom-line\">\n\t\t\tPortugal <a class=\"simple-link\" href=\"#\">Ver pontos de venda<\/a>\t\t<\/div>\n\t\t\t\t\t\t<\/div>\n\t\t\t\t<\/div>\n\t\t\t\t<div class=\"elementor-element elementor-element-55aed59 elementor-widget elementor-widget-tm-heading\" data-id=\"55aed59\" data-element_type=\"widget\" data-e-type=\"widget\" data-widget_type=\"tm-heading.default\">\n\t\t\t\t<div class=\"elementor-widget-container\">\n\t\t\t\t\t\t\t<div class=\"tm-modern-heading tm-modern-heading--style-03 tm-modern-heading--highlight-style-01\">\n\t\t\t\n\t\t\t\t\t<div class=\"heading-primary-wrap\">\n\t\t\t<h2 class=\"heading-primary elementor-heading-title\">Mais informa\u00e7\u00f5es<\/h2>\t\t<\/div>\n\t\t\n\t\t\t\n\t\t\t\t\t<\/div>\n\t\t\t\t\t\t<\/div>\n\t\t\t\t<\/div>\n\t\t\t\t<div class=\"elementor-element elementor-element-a603f71 elementor-widget elementor-widget-text-editor\" data-id=\"a603f71\" data-element_type=\"widget\" data-e-type=\"widget\" data-widget_type=\"text-editor.default\">\n\t\t\t\t<div class=\"elementor-widget-container\">\n\t\t\t\t\t\t\t\t\tTel.: 263 652 274<br \/>\n<span style=\"text-decoration: underline;\"><a href=\"mailto:&#105;n&#102;&#111;&#64;&#116;&#111;x&#109;&#111;t&#111;.p&#116;\" class=\"mail-link\">i&#110;&#102;&#111;&#64;to&#120;m&#111;&#116;o&#46;p&#116;<\/a><\/span>\t\t\t\t\t\t\t\t<\/div>\n\t\t\t\t<\/div>\n\t\t\t\t\t<\/div>\n\t\t<\/div>\n\t\t\t\t\t<\/div>\n\t\t<\/section>\n\t\t\t\t<\/div>\n\t\t","protected":false},"excerpt":{"rendered":"<p>Gostariamos de ouvir o que tem para nos dizer. Se tem d\u00favidas ou esclarecimentos sobre os nossos produtos, n\u00e3o hesite em nos contactar. Onde estamos Portugal Ver pontos de venda Mais informa\u00e7\u00f5es Tel.: 263 652 274 i&#110;&#102;&#111;&#64;to&#120;m&#111;&#116;o&#46;p&#116;<\/p>\n","protected":false},"author":3,"featured_media":0,"parent":0,"menu_order":0,"comment_status":"closed","ping_status":"closed","template":"","meta":{"_acf_changed":false,"footnotes":""},"class_list":["post-338","page","type-page","status-publish","hentry","post-no-thumbnail"],"acf":[],"_links":{"self":[{"href":"https:\/\/toxmoto.pt\/pt-PT\/wp-json\/wp\/v2\/pages\/338","targetHints":{"allow":["GET"]}}],"collection":[{"href":"https:\/\/toxmoto.pt\/pt-PT\/wp-json\/wp\/v2\/pages"}],"about":[{"href":"https:\/\/toxmoto.pt\/pt-PT\/wp-json\/wp\/v2\/types\/page"}],"author":[{"embeddable":true,"href":"https:\/\/toxmoto.pt\/pt-PT\/wp-json\/wp\/v2\/users\/3"}],"replies":[{"embeddable":true,"href":"https:\/\/toxmoto.pt\/pt-PT\/wp-json\/wp\/v2\/comments?post=338"}],"version-history":[{"count":16,"href":"https:\/\/toxmoto.pt\/pt-PT\/wp-json\/wp\/v2\/pages\/338\/revisions"}],"predecessor-version":[{"id":25100,"href":"https:\/\/toxmoto.pt\/pt-PT\/wp-json\/wp\/v2\/pages\/338\/revisions\/25100"}],"wp:attachment":[{"href":"https:\/\/toxmoto.pt\/pt-PT\/wp-json\/wp\/v2\/media?parent=338"}],"curies":[{"name":"wp","href":"https:\/\/api.w.org\/{rel}","templated":true}]}}