{"id":21659,"date":"2022-10-03T08:30:10","date_gmt":"2022-10-03T08:30:10","guid":{"rendered":"https:\/\/toxmoto.pt\/pt-PT\/?page_id=21659"},"modified":"2023-11-06T15:00:38","modified_gmt":"2023-11-06T15:00:38","slug":"envios-e-entregas","status":"publish","type":"page","link":"https:\/\/toxmoto.pt\/pt-PT\/envios-e-entregas\/","title":{"rendered":"Envios e Entregas"},"content":{"rendered":"\t\t<div data-elementor-type=\"wp-page\" data-elementor-id=\"21659\" class=\"elementor elementor-21659\">\n\t\t\t\t\t\t<section class=\"elementor-section elementor-top-section elementor-element elementor-element-7b9e874 elementor-section-boxed elementor-section-gap-beside-yes elementor-section-height-default elementor-section-height-default elementor-section-content-align-center elementor-section-column-vertical-align-stretch\" data-id=\"7b9e874\" data-element_type=\"section\" data-e-type=\"section\">\n\t\t\t\t\t\t<div class=\"elementor-container elementor-column-gap-extended\">\n\t\t\t\t\t<div class=\"elementor-column elementor-col-100 elementor-top-column elementor-element elementor-element-59165b0\" data-id=\"59165b0\" data-element_type=\"column\" data-e-type=\"column\">\n\t\t\t<div class=\"elementor-widget-wrap elementor-element-populated\">\n\t\t\t\t\t\t<div class=\"elementor-element elementor-element-0480845 elementor-widget elementor-widget-tm-heading\" data-id=\"0480845\" data-element_type=\"widget\" data-e-type=\"widget\" data-widget_type=\"tm-heading.default\">\n\t\t\t\t<div class=\"elementor-widget-container\">\n\t\t\t\t\t\t\t<div class=\"tm-modern-heading tm-modern-heading--style-03 tm-modern-heading--highlight-style-01\">\n\t\t\t\n\t\t\t\t\t<div class=\"heading-primary-wrap\">\n\t\t\t<h2 class=\"heading-primary elementor-heading-title\">Aqui poder\u00e1s encontrar todas as informa\u00e7\u00f5es \u00fateis acerca dos nossos envios e entregas.<\/h2>\t\t<\/div>\n\t\t\n\t\t\t\n\t\t\t\t\t<div class=\"heading-description-wrap\">\n\t\t\t<div class=\"heading-description\">\n\t\t\t\t<p>Em caso de d\u00favida entra em contato connosco atrav\u00e9s da nossa Linha de Apoio ao Cliente ou email info@toxmoto.pt<\/p>\t\t\t<\/div>\n\t\t<\/div>\n\t\t\t\t<\/div>\n\t\t\t\t\t\t<\/div>\n\t\t\t\t<\/div>\n\t\t\t\t<div class=\"elementor-element elementor-element-9403f5a minimog-accordion-style-01 elementor-widget elementor-widget-tm-accordion\" data-id=\"9403f5a\" data-element_type=\"widget\" data-e-type=\"widget\" data-settings=\"{&quot;active_first_item&quot;:&quot;1&quot;}\" data-widget_type=\"tm-accordion.default\">\n\t\t\t\t<div class=\"elementor-widget-container\">\n\t\t\t\t\t\t\t<div class=\"minimog-accordion minimog-accordion-icon-right\">\n\t\t\t\t\t\t\t<div class=\"accordion-section active\">\n\t\t\t\t\t<div class=\"accordion-header\">\n\t\t\t\t\t\t<div class=\"accordion-title-wrapper\">\n\t\t\t\t\t\t\t<h6 class=\"accordion-title\">Quanto tempo demora a chegar a minha compra?<\/h6>\t\t\t\t\t\t<\/div>\n\t\t\t\t\t\t\t\t\t\t\t\t\t<div class=\"accordion-icons\">\n\t\t\t\t\t\t\t\t<span\n\t\t\t\t\t\t\t\t\tclass=\"accordion-icon opened-icon\"><i class=\"far fa-angle-down\"><\/i><\/span>\n\t\t\t\t\t\t\t\t<span\n\t\t\t\t\t\t\t\t\tclass=\"accordion-icon closed-icon\"><i class=\"far fa-angle-up\"><\/i><\/span>\n\t\t\t\t\t\t\t<\/div>\n\t\t\t\t\t\t\t\t\t\t\t<\/div>\n\t\t\t\t\t<div class=\"accordion-content\">\n\t\t\t\t\t\t<p>Os prazos de entrega variam conforme os produtos e a modalidade selecionada:<\/p><p>Entrega num ponto de entrega:<br \/>Entre 3 a 6 dias \u00fateis*.<\/p><p>* Para os A\u00e7ores acrescem entre 7 a 12 dias \u00fateis aos prazos mencionados e para Madeira acrescem entre 5 a 7 dias \u00fateis.<br \/>Para os Ve\u00edculos, os prazos de entrega podem ser superiores aos acima referidos.<\/p>\t\t\t\t\t<\/div>\n\t\t\t\t<\/div>\n\t\t\t\t\t\t\t<div class=\"accordion-section\">\n\t\t\t\t\t<div class=\"accordion-header\">\n\t\t\t\t\t\t<div class=\"accordion-title-wrapper\">\n\t\t\t\t\t\t\t<h6 class=\"accordion-title\">Qual o valor dos portes de envio?<\/h6>\t\t\t\t\t\t<\/div>\n\t\t\t\t\t\t\t\t\t\t\t\t\t<div class=\"accordion-icons\">\n\t\t\t\t\t\t\t\t<span\n\t\t\t\t\t\t\t\t\tclass=\"accordion-icon opened-icon\"><i class=\"far fa-angle-down\"><\/i><\/span>\n\t\t\t\t\t\t\t\t<span\n\t\t\t\t\t\t\t\t\tclass=\"accordion-icon closed-icon\"><i class=\"far fa-angle-up\"><\/i><\/span>\n\t\t\t\t\t\t\t<\/div>\n\t\t\t\t\t\t\t\t\t\t\t<\/div>\n\t\t\t\t\t<div class=\"accordion-content\">\n\t\t\t\t\t\t<p>Custo de 4,99\u20ac (incl. IVA) para encomendas de peso inferior a 19 kg para Portugal Continental. Para A\u00e7ores e Madeira o valor come\u00e7a nos 20\u20ac.<\/p><p>\u00a0<\/p><p>Para ve\u00edculos a 2 tempos, o valor \u00e9 de 29.99\u20ac (incl. IVA) e a 4 tempos 39.99\u20ac (incl. IVA).<\/p>\t\t\t\t\t<\/div>\n\t\t\t\t<\/div>\n\t\t\t\t\t\t\t<div class=\"accordion-section\">\n\t\t\t\t\t<div class=\"accordion-header\">\n\t\t\t\t\t\t<div class=\"accordion-title-wrapper\">\n\t\t\t\t\t\t\t<h6 class=\"accordion-title\">Onde posso receber a minha compra?<\/h6>\t\t\t\t\t\t<\/div>\n\t\t\t\t\t\t\t\t\t\t\t\t\t<div class=\"accordion-icons\">\n\t\t\t\t\t\t\t\t<span\n\t\t\t\t\t\t\t\t\tclass=\"accordion-icon opened-icon\"><i class=\"far fa-angle-down\"><\/i><\/span>\n\t\t\t\t\t\t\t\t<span\n\t\t\t\t\t\t\t\t\tclass=\"accordion-icon closed-icon\"><i class=\"far fa-angle-up\"><\/i><\/span>\n\t\t\t\t\t\t\t<\/div>\n\t\t\t\t\t\t\t\t\t\t\t<\/div>\n\t\t\t\t\t<div class=\"accordion-content\">\n\t\t\t\t\t\t<p>Para sua comodidade a TOX RACING tem \u00e0 sua disposi\u00e7\u00e3o a entrega num ponto de entrega TOX RACING \u00e0 sua escolha.<\/p>\t\t\t\t\t<\/div>\n\t\t\t\t<\/div>\n\t\t\t\t\t\t\t<div class=\"accordion-section\">\n\t\t\t\t\t<div class=\"accordion-header\">\n\t\t\t\t\t\t<div class=\"accordion-title-wrapper\">\n\t\t\t\t\t\t\t<h6 class=\"accordion-title\">Como se processa a entrega num ponto de entrega?<\/h6>\t\t\t\t\t\t<\/div>\n\t\t\t\t\t\t\t\t\t\t\t\t\t<div class=\"accordion-icons\">\n\t\t\t\t\t\t\t\t<span\n\t\t\t\t\t\t\t\t\tclass=\"accordion-icon opened-icon\"><i class=\"far fa-angle-down\"><\/i><\/span>\n\t\t\t\t\t\t\t\t<span\n\t\t\t\t\t\t\t\t\tclass=\"accordion-icon closed-icon\"><i class=\"far fa-angle-up\"><\/i><\/span>\n\t\t\t\t\t\t\t<\/div>\n\t\t\t\t\t\t\t\t\t\t\t<\/div>\n\t\t\t\t\t<div class=\"accordion-content\">\n\t\t\t\t\t\t<p>Ser\u00e1 notificado da chegada da sua compra \u00e0 loja via email ou telefone, dispondo de um prazo m\u00e1ximo de 10 dias para proceder ao seu levantamento.<\/p>\t\t\t\t\t<\/div>\n\t\t\t\t<\/div>\n\t\t\t\t\t\t\t<div class=\"accordion-section\">\n\t\t\t\t\t<div class=\"accordion-header\">\n\t\t\t\t\t\t<div class=\"accordion-title-wrapper\">\n\t\t\t\t\t\t\t<h6 class=\"accordion-title\">O pa\u00eds de entrega pode ser diferente do pa\u00eds de compra?<\/h6>\t\t\t\t\t\t<\/div>\n\t\t\t\t\t\t\t\t\t\t\t\t\t<div class=\"accordion-icons\">\n\t\t\t\t\t\t\t\t<span\n\t\t\t\t\t\t\t\t\tclass=\"accordion-icon opened-icon\"><i class=\"far fa-angle-down\"><\/i><\/span>\n\t\t\t\t\t\t\t\t<span\n\t\t\t\t\t\t\t\t\tclass=\"accordion-icon closed-icon\"><i class=\"far fa-angle-up\"><\/i><\/span>\n\t\t\t\t\t\t\t<\/div>\n\t\t\t\t\t\t\t\t\t\t\t<\/div>\n\t\t\t\t\t<div class=\"accordion-content\">\n\t\t\t\t\t\t<p>N\u00e3o. O pa\u00eds da entrega ter\u00e1 de ser o mesmo do pa\u00eds da compra, sendo que neste momento apenas fazemos entregas em Portugal<\/p>\t\t\t\t\t<\/div>\n\t\t\t\t<\/div>\n\t\t\t\t\t<\/div>\n\t\t\t\t\t\t<\/div>\n\t\t\t\t<\/div>\n\t\t\t\t\t<\/div>\n\t\t<\/div>\n\t\t\t\t\t<\/div>\n\t\t<\/section>\n\t\t\t\t<\/div>\n\t\t","protected":false},"excerpt":{"rendered":"<p>Aqui poder\u00e1s encontrar todas as informa\u00e7\u00f5es \u00fateis acerca dos nossos envios e entregas. Em caso de d\u00favida entra em contato connosco atrav\u00e9s da nossa Linha de Apoio ao Cliente ou email info@toxmoto.pt Quanto tempo demora a chegar a minha compra? Os prazos de entrega variam conforme os produtos e a modalidade selecionada: Entrega num ponto de entrega:Entre 3 a 6 dias \u00fateis*. * Para os A\u00e7ores acrescem entre 7 a 12 dias \u00fateis aos prazos mencionados e para Madeira acrescem entre 5 a 7 dias \u00fateis.Para os Ve\u00edculos, os prazos de entrega podem ser superiores aos acima referidos. Qual o valor dos portes de envio? Custo de 4,99\u20ac (incl. IVA) para encomendas de peso inferior a 19 kg para Portugal Continental. Para A\u00e7ores e Madeira o valor come\u00e7a nos 20\u20ac. \u00a0 Para ve\u00edculos a 2 tempos, o valor \u00e9 de 29.99\u20ac (incl. IVA) e a 4 tempos 39.99\u20ac (incl. IVA). Onde posso receber a minha compra? Para sua comodidade a TOX RACING tem \u00e0 sua disposi\u00e7\u00e3o a entrega num ponto de entrega TOX RACING \u00e0 sua escolha. Como se processa a entrega num ponto de entrega? Ser\u00e1 notificado da chegada da sua compra \u00e0 loja via email ou telefone, dispondo de um prazo m\u00e1ximo de 10 dias para proceder ao seu levantamento. O pa\u00eds de entrega pode ser diferente do pa\u00eds de compra? N\u00e3o. O pa\u00eds da entrega ter\u00e1 de ser o mesmo do pa\u00eds da compra, sendo que neste momento apenas fazemos entregas em Portugal<\/p>\n","protected":false},"author":3,"featured_media":0,"parent":0,"menu_order":0,"comment_status":"closed","ping_status":"closed","template":"","meta":{"_acf_changed":false,"footnotes":""},"class_list":["post-21659","page","type-page","status-publish","hentry","post-no-thumbnail"],"acf":[],"_links":{"self":[{"href":"https:\/\/toxmoto.pt\/pt-PT\/wp-json\/wp\/v2\/pages\/21659","targetHints":{"allow":["GET"]}}],"collection":[{"href":"https:\/\/toxmoto.pt\/pt-PT\/wp-json\/wp\/v2\/pages"}],"about":[{"href":"https:\/\/toxmoto.pt\/pt-PT\/wp-json\/wp\/v2\/types\/page"}],"author":[{"embeddable":true,"href":"https:\/\/toxmoto.pt\/pt-PT\/wp-json\/wp\/v2\/users\/3"}],"replies":[{"embeddable":true,"href":"https:\/\/toxmoto.pt\/pt-PT\/wp-json\/wp\/v2\/comments?post=21659"}],"version-history":[{"count":15,"href":"https:\/\/toxmoto.pt\/pt-PT\/wp-json\/wp\/v2\/pages\/21659\/revisions"}],"predecessor-version":[{"id":24522,"href":"https:\/\/toxmoto.pt\/pt-PT\/wp-json\/wp\/v2\/pages\/21659\/revisions\/24522"}],"wp:attachment":[{"href":"https:\/\/toxmoto.pt\/pt-PT\/wp-json\/wp\/v2\/media?parent=21659"}],"curies":[{"name":"wp","href":"https:\/\/api.w.org\/{rel}","templated":true}]}}